{"id":3381,"date":"2022-12-28T00:34:22","date_gmt":"2022-12-27T23:34:22","guid":{"rendered":"http:\/\/bbbweco.cluster031.hosting.ovh.net\/leslarmesderos\/?post_type=product&#038;p=3381"},"modified":"2025-09-01T20:22:39","modified_gmt":"2025-09-01T18:22:39","slug":"le-lien","status":"publish","type":"product","link":"https:\/\/www.leslarmesderos.com\/en\/produit\/le-lien\/","title":{"rendered":"Le Lien."},"content":{"rendered":"<p>Vanessa DURIES<br \/>\nSpengler<br \/>\n1993<br \/>\nIn-8 broch\u00e9 de 128 pages.<br \/>\n\u00c9dition originale en \u00e9tat neuf<\/p>\n","protected":false},"excerpt":{"rendered":"<p>Vanessa DURIES Spengler 1993 In-8 broch\u00e9 de 128 pages. \u00c9dition originale en \u00e9tat neuf<\/p>\n","protected":false},"featured_media":3411,"template":"","meta":[],"product_cat":[72],"product_tag":[],"class_list":{"0":"post-3381","1":"product","2":"type-product","3":"status-publish","4":"has-post-thumbnail","6":"product_cat-litterature-erotique","8":"first","9":"instock","10":"shipping-taxable","11":"purchasable","12":"product-type-simple"},"_links":{"self":[{"href":"https:\/\/www.leslarmesderos.com\/en\/wp-json\/wp\/v2\/product\/3381","targetHints":{"allow":["GET"]}}],"collection":[{"href":"https:\/\/www.leslarmesderos.com\/en\/wp-json\/wp\/v2\/product"}],"about":[{"href":"https:\/\/www.leslarmesderos.com\/en\/wp-json\/wp\/v2\/types\/product"}],"wp:featuredmedia":[{"embeddable":true,"href":"https:\/\/www.leslarmesderos.com\/en\/wp-json\/wp\/v2\/media\/3411"}],"wp:attachment":[{"href":"https:\/\/www.leslarmesderos.com\/en\/wp-json\/wp\/v2\/media?parent=3381"}],"wp:term":[{"taxonomy":"product_cat","embeddable":true,"href":"https:\/\/www.leslarmesderos.com\/en\/wp-json\/wp\/v2\/product_cat?post=3381"},{"taxonomy":"product_tag","embeddable":true,"href":"https:\/\/www.leslarmesderos.com\/en\/wp-json\/wp\/v2\/product_tag?post=3381"}],"curies":[{"name":"wp","href":"https:\/\/api.w.org\/{rel}","templated":true}]}}