{"id":3385,"date":"2022-12-28T00:34:23","date_gmt":"2022-12-27T23:34:23","guid":{"rendered":"http:\/\/bbbweco.cluster031.hosting.ovh.net\/leslarmesderos\/?post_type=product&#038;p=3385"},"modified":"2022-12-28T00:34:31","modified_gmt":"2022-12-27T23:34:31","slug":"pascin-1885-1930","status":"publish","type":"product","link":"https:\/\/www.leslarmesderos.com\/en\/produit\/pascin-1885-1930\/","title":{"rendered":"PASCIN 1885-1930."},"content":{"rendered":"<p>Julius PASCIN<br \/>\nMus\u00e9e Galerie de la Seita<br \/>\n1994<br \/>\nIn-quarto, reli\u00e9 avec jaquette de 168 pages.<br \/>\n\u00c9dition originale, \u00e9tat neuf, nombreuses illustrations<\/p>\n","protected":false},"excerpt":{"rendered":"<p>Julius PASCIN Mus\u00e9e Galerie de la Seita 1994 In-quarto, reli\u00e9 avec jaquette de 168 pages. \u00c9dition originale, \u00e9tat neuf, nombreuses illustrations<\/p>\n","protected":false},"featured_media":3421,"template":"","meta":[],"product_cat":[76],"product_tag":[],"class_list":{"0":"post-3385","1":"product","2":"type-product","3":"status-publish","4":"has-post-thumbnail","6":"product_cat-beaux-arts-erotiques","8":"first","9":"instock","10":"shipping-taxable","11":"purchasable","12":"product-type-simple"},"_links":{"self":[{"href":"https:\/\/www.leslarmesderos.com\/en\/wp-json\/wp\/v2\/product\/3385","targetHints":{"allow":["GET"]}}],"collection":[{"href":"https:\/\/www.leslarmesderos.com\/en\/wp-json\/wp\/v2\/product"}],"about":[{"href":"https:\/\/www.leslarmesderos.com\/en\/wp-json\/wp\/v2\/types\/product"}],"wp:featuredmedia":[{"embeddable":true,"href":"https:\/\/www.leslarmesderos.com\/en\/wp-json\/wp\/v2\/media\/3421"}],"wp:attachment":[{"href":"https:\/\/www.leslarmesderos.com\/en\/wp-json\/wp\/v2\/media?parent=3385"}],"wp:term":[{"taxonomy":"product_cat","embeddable":true,"href":"https:\/\/www.leslarmesderos.com\/en\/wp-json\/wp\/v2\/product_cat?post=3385"},{"taxonomy":"product_tag","embeddable":true,"href":"https:\/\/www.leslarmesderos.com\/en\/wp-json\/wp\/v2\/product_tag?post=3385"}],"curies":[{"name":"wp","href":"https:\/\/api.w.org\/{rel}","templated":true}]}}