{"id":3392,"date":"2022-12-28T00:34:25","date_gmt":"2022-12-27T23:34:25","guid":{"rendered":"http:\/\/bbbweco.cluster031.hosting.ovh.net\/leslarmesderos\/?post_type=product&#038;p=3392"},"modified":"2025-03-12T15:02:05","modified_gmt":"2025-03-12T14:02:05","slug":"fetiches-et-fetichisme","status":"publish","type":"product","link":"https:\/\/www.leslarmesderos.com\/en\/produit\/fetiches-et-fetichisme\/","title":{"rendered":"F\u00e9tiches et F\u00e9tichisme."},"content":{"rendered":"<p>Jen-Michel RIBETTE<br \/>\nBlanche<br \/>\n1999<br \/>\nPetit in-12 broch\u00e9, environ 200 pages.<br \/>\nCatalogue de l&#8217;exposition au passage de Retz \u00e0 l&#8217;\u00e9t\u00e9 1998.<\/p>\n","protected":false},"excerpt":{"rendered":"<p>Jen-Michel RIBETTE Blanche 1999 Petit in-12 broch\u00e9, environ 200 pages. Catalogue de l&#8217;exposition au passage de Retz \u00e0 l&#8217;\u00e9t\u00e9 1998.<\/p>\n","protected":false},"featured_media":3437,"template":"","meta":[],"product_cat":[76],"product_tag":[],"class_list":{"0":"post-3392","1":"product","2":"type-product","3":"status-publish","4":"has-post-thumbnail","6":"product_cat-beaux-arts-erotiques","8":"first","9":"outofstock","10":"shipping-taxable","11":"purchasable","12":"product-type-simple"},"_links":{"self":[{"href":"https:\/\/www.leslarmesderos.com\/en\/wp-json\/wp\/v2\/product\/3392","targetHints":{"allow":["GET"]}}],"collection":[{"href":"https:\/\/www.leslarmesderos.com\/en\/wp-json\/wp\/v2\/product"}],"about":[{"href":"https:\/\/www.leslarmesderos.com\/en\/wp-json\/wp\/v2\/types\/product"}],"wp:featuredmedia":[{"embeddable":true,"href":"https:\/\/www.leslarmesderos.com\/en\/wp-json\/wp\/v2\/media\/3437"}],"wp:attachment":[{"href":"https:\/\/www.leslarmesderos.com\/en\/wp-json\/wp\/v2\/media?parent=3392"}],"wp:term":[{"taxonomy":"product_cat","embeddable":true,"href":"https:\/\/www.leslarmesderos.com\/en\/wp-json\/wp\/v2\/product_cat?post=3392"},{"taxonomy":"product_tag","embeddable":true,"href":"https:\/\/www.leslarmesderos.com\/en\/wp-json\/wp\/v2\/product_tag?post=3392"}],"curies":[{"name":"wp","href":"https:\/\/api.w.org\/{rel}","templated":true}]}}