{"id":3393,"date":"2022-12-28T00:34:25","date_gmt":"2022-12-27T23:34:25","guid":{"rendered":"http:\/\/bbbweco.cluster031.hosting.ovh.net\/leslarmesderos\/?post_type=product&#038;p=3393"},"modified":"2022-12-28T00:34:35","modified_gmt":"2022-12-27T23:34:35","slug":"memoires-dune-fouetteuse","status":"publish","type":"product","link":"https:\/\/www.leslarmesderos.com\/en\/produit\/memoires-dune-fouetteuse\/","title":{"rendered":"M\u00e9moires d&#8217;une fouetteuse."},"content":{"rendered":"<p>FATY<br \/>\nRamsay-Pauvert<br \/>\n1991<br \/>\nGrand in-8 broch\u00e9 de 221 pages.<br \/>\n\u00c9dition originale en \u00e9tat neuf<\/p>\n","protected":false},"excerpt":{"rendered":"<p>FATY Ramsay-Pauvert 1991 Grand in-8 broch\u00e9 de 221 pages. \u00c9dition originale en \u00e9tat neuf<\/p>\n","protected":false},"featured_media":3439,"template":"","meta":[],"product_cat":[81],"product_tag":[],"class_list":{"0":"post-3393","1":"product","2":"type-product","3":"status-publish","4":"has-post-thumbnail","6":"product_cat-domination-feminine","8":"first","9":"instock","10":"shipping-taxable","11":"purchasable","12":"product-type-simple"},"_links":{"self":[{"href":"https:\/\/www.leslarmesderos.com\/en\/wp-json\/wp\/v2\/product\/3393","targetHints":{"allow":["GET"]}}],"collection":[{"href":"https:\/\/www.leslarmesderos.com\/en\/wp-json\/wp\/v2\/product"}],"about":[{"href":"https:\/\/www.leslarmesderos.com\/en\/wp-json\/wp\/v2\/types\/product"}],"wp:featuredmedia":[{"embeddable":true,"href":"https:\/\/www.leslarmesderos.com\/en\/wp-json\/wp\/v2\/media\/3439"}],"wp:attachment":[{"href":"https:\/\/www.leslarmesderos.com\/en\/wp-json\/wp\/v2\/media?parent=3393"}],"wp:term":[{"taxonomy":"product_cat","embeddable":true,"href":"https:\/\/www.leslarmesderos.com\/en\/wp-json\/wp\/v2\/product_cat?post=3393"},{"taxonomy":"product_tag","embeddable":true,"href":"https:\/\/www.leslarmesderos.com\/en\/wp-json\/wp\/v2\/product_tag?post=3393"}],"curies":[{"name":"wp","href":"https:\/\/api.w.org\/{rel}","templated":true}]}}