{"id":3482,"date":"2022-12-28T00:34:45","date_gmt":"2022-12-27T23:34:45","guid":{"rendered":"http:\/\/bbbweco.cluster031.hosting.ovh.net\/leslarmesderos\/?post_type=product&#038;p=3482"},"modified":"2022-12-28T00:34:52","modified_gmt":"2022-12-27T23:34:52","slug":"etude-de-nu-feminin-vers-1900-7","status":"publish","type":"product","link":"https:\/\/www.leslarmesderos.com\/en\/produit\/etude-de-nu-feminin-vers-1900-7\/","title":{"rendered":"\u00c9tude de nu f\u00e9minin, vers 1900."},"content":{"rendered":"[Photographe non identifi\u00e9]\n\u00c9preuve argentique d&#8217;\u00e9poque, 8,8 x 13 cm.<\/p>\n","protected":false},"excerpt":{"rendered":"[Photographe non identifi\u00e9] \u00c9preuve argentique d&#8217;\u00e9poque, 8,8 x 13 cm.<\/p>\n","protected":false},"featured_media":3517,"template":"","meta":[],"product_cat":[75],"product_tag":[],"class_list":{"0":"post-3482","1":"product","2":"type-product","3":"status-publish","4":"has-post-thumbnail","6":"product_cat-nu-belle-epoque","8":"first","9":"instock","10":"shipping-taxable","11":"purchasable","12":"product-type-simple"},"_links":{"self":[{"href":"https:\/\/www.leslarmesderos.com\/en\/wp-json\/wp\/v2\/product\/3482","targetHints":{"allow":["GET"]}}],"collection":[{"href":"https:\/\/www.leslarmesderos.com\/en\/wp-json\/wp\/v2\/product"}],"about":[{"href":"https:\/\/www.leslarmesderos.com\/en\/wp-json\/wp\/v2\/types\/product"}],"wp:featuredmedia":[{"embeddable":true,"href":"https:\/\/www.leslarmesderos.com\/en\/wp-json\/wp\/v2\/media\/3517"}],"wp:attachment":[{"href":"https:\/\/www.leslarmesderos.com\/en\/wp-json\/wp\/v2\/media?parent=3482"}],"wp:term":[{"taxonomy":"product_cat","embeddable":true,"href":"https:\/\/www.leslarmesderos.com\/en\/wp-json\/wp\/v2\/product_cat?post=3482"},{"taxonomy":"product_tag","embeddable":true,"href":"https:\/\/www.leslarmesderos.com\/en\/wp-json\/wp\/v2\/product_tag?post=3482"}],"curies":[{"name":"wp","href":"https:\/\/api.w.org\/{rel}","templated":true}]}}