{"id":3491,"date":"2022-12-28T00:34:46","date_gmt":"2022-12-27T23:34:46","guid":{"rendered":"http:\/\/bbbweco.cluster031.hosting.ovh.net\/leslarmesderos\/?post_type=product&#038;p=3491"},"modified":"2022-12-28T00:34:55","modified_gmt":"2022-12-27T23:34:55","slug":"lamoureux","status":"publish","type":"product","link":"https:\/\/www.leslarmesderos.com\/en\/produit\/lamoureux\/","title":{"rendered":"L\u2019Amoureux"},"content":{"rendered":"[Auteur non identifi\u00e9]\nslnd<br \/>\nVers 1958<br \/>\n\u00c9dition originale, in-12 de 155 pages. couverture fort papier brun clair, imprim\u00e9 en rouge et noir.<\/p>\n","protected":false},"excerpt":{"rendered":"[Auteur non identifi\u00e9] slnd Vers 1958 \u00c9dition originale, in-12 de 155 pages. couverture fort papier brun clair, imprim\u00e9 en rouge et noir.<\/p>\n","protected":false},"featured_media":3535,"template":"","meta":[],"product_cat":[73],"product_tag":[],"class_list":{"0":"post-3491","1":"product","2":"type-product","3":"status-publish","4":"has-post-thumbnail","6":"product_cat-curiosa-1950","8":"first","9":"instock","10":"shipping-taxable","11":"purchasable","12":"product-type-simple"},"_links":{"self":[{"href":"https:\/\/www.leslarmesderos.com\/en\/wp-json\/wp\/v2\/product\/3491","targetHints":{"allow":["GET"]}}],"collection":[{"href":"https:\/\/www.leslarmesderos.com\/en\/wp-json\/wp\/v2\/product"}],"about":[{"href":"https:\/\/www.leslarmesderos.com\/en\/wp-json\/wp\/v2\/types\/product"}],"wp:featuredmedia":[{"embeddable":true,"href":"https:\/\/www.leslarmesderos.com\/en\/wp-json\/wp\/v2\/media\/3535"}],"wp:attachment":[{"href":"https:\/\/www.leslarmesderos.com\/en\/wp-json\/wp\/v2\/media?parent=3491"}],"wp:term":[{"taxonomy":"product_cat","embeddable":true,"href":"https:\/\/www.leslarmesderos.com\/en\/wp-json\/wp\/v2\/product_cat?post=3491"},{"taxonomy":"product_tag","embeddable":true,"href":"https:\/\/www.leslarmesderos.com\/en\/wp-json\/wp\/v2\/product_tag?post=3491"}],"curies":[{"name":"wp","href":"https:\/\/api.w.org\/{rel}","templated":true}]}}