{"id":3492,"date":"2022-12-28T00:34:47","date_gmt":"2022-12-27T23:34:47","guid":{"rendered":"http:\/\/bbbweco.cluster031.hosting.ovh.net\/leslarmesderos\/?post_type=product&#038;p=3492"},"modified":"2022-12-28T00:34:56","modified_gmt":"2022-12-27T23:34:56","slug":"aventures-amoureuses","status":"publish","type":"product","link":"https:\/\/www.leslarmesderos.com\/en\/produit\/aventures-amoureuses\/","title":{"rendered":"Aventures amoureuses"},"content":{"rendered":"[Auteur non identifi\u00e9]\nslnd<br \/>\nVers 1958<br \/>\n\u00c9dition originale in-8 de 176 pages. Tirage limit\u00e9 \u00e0 500 ex.\tCouverture fort papier rose clair, imprim\u00e9e en noir.<\/p>\n","protected":false},"excerpt":{"rendered":"[Auteur non identifi\u00e9] slnd Vers 1958 \u00c9dition originale in-8 de 176 pages. Tirage limit\u00e9 \u00e0 500 ex. Couverture fort papier rose clair, imprim\u00e9e en noir.<\/p>\n","protected":false},"featured_media":3537,"template":"","meta":[],"product_cat":[73],"product_tag":[],"class_list":{"0":"post-3492","1":"product","2":"type-product","3":"status-publish","4":"has-post-thumbnail","6":"product_cat-curiosa-1950","8":"first","9":"instock","10":"shipping-taxable","11":"purchasable","12":"product-type-simple"},"_links":{"self":[{"href":"https:\/\/www.leslarmesderos.com\/en\/wp-json\/wp\/v2\/product\/3492","targetHints":{"allow":["GET"]}}],"collection":[{"href":"https:\/\/www.leslarmesderos.com\/en\/wp-json\/wp\/v2\/product"}],"about":[{"href":"https:\/\/www.leslarmesderos.com\/en\/wp-json\/wp\/v2\/types\/product"}],"wp:featuredmedia":[{"embeddable":true,"href":"https:\/\/www.leslarmesderos.com\/en\/wp-json\/wp\/v2\/media\/3537"}],"wp:attachment":[{"href":"https:\/\/www.leslarmesderos.com\/en\/wp-json\/wp\/v2\/media?parent=3492"}],"wp:term":[{"taxonomy":"product_cat","embeddable":true,"href":"https:\/\/www.leslarmesderos.com\/en\/wp-json\/wp\/v2\/product_cat?post=3492"},{"taxonomy":"product_tag","embeddable":true,"href":"https:\/\/www.leslarmesderos.com\/en\/wp-json\/wp\/v2\/product_tag?post=3492"}],"curies":[{"name":"wp","href":"https:\/\/api.w.org\/{rel}","templated":true}]}}