{"id":3493,"date":"2022-12-28T00:34:47","date_gmt":"2022-12-27T23:34:47","guid":{"rendered":"http:\/\/bbbweco.cluster031.hosting.ovh.net\/leslarmesderos\/?post_type=product&#038;p=3493"},"modified":"2022-12-28T00:34:56","modified_gmt":"2022-12-27T23:34:56","slug":"belobeck-m-belobeck-saisi-par-la-debauche","status":"publish","type":"product","link":"https:\/\/www.leslarmesderos.com\/en\/produit\/belobeck-m-belobeck-saisi-par-la-debauche\/","title":{"rendered":"Belobeck (M. Belobeck saisi par la d\u00e9bauche)"},"content":{"rendered":"[Auteur non identifi\u00e9]\nIn-4, broch\u00e9, 116 pages. Illustr\u00e9 de 6 hors-texte.<\/p>\n","protected":false},"excerpt":{"rendered":"[Auteur non identifi\u00e9] In-4, broch\u00e9, 116 pages. Illustr\u00e9 de 6 hors-texte.<\/p>\n","protected":false},"featured_media":3539,"template":"","meta":[],"product_cat":[96],"product_tag":[],"class_list":{"0":"post-3493","1":"product","2":"type-product","3":"status-publish","4":"has-post-thumbnail","6":"product_cat-curiosa-illustres-1950","8":"first","9":"instock","10":"shipping-taxable","11":"purchasable","12":"product-type-simple"},"_links":{"self":[{"href":"https:\/\/www.leslarmesderos.com\/en\/wp-json\/wp\/v2\/product\/3493","targetHints":{"allow":["GET"]}}],"collection":[{"href":"https:\/\/www.leslarmesderos.com\/en\/wp-json\/wp\/v2\/product"}],"about":[{"href":"https:\/\/www.leslarmesderos.com\/en\/wp-json\/wp\/v2\/types\/product"}],"wp:featuredmedia":[{"embeddable":true,"href":"https:\/\/www.leslarmesderos.com\/en\/wp-json\/wp\/v2\/media\/3539"}],"wp:attachment":[{"href":"https:\/\/www.leslarmesderos.com\/en\/wp-json\/wp\/v2\/media?parent=3493"}],"wp:term":[{"taxonomy":"product_cat","embeddable":true,"href":"https:\/\/www.leslarmesderos.com\/en\/wp-json\/wp\/v2\/product_cat?post=3493"},{"taxonomy":"product_tag","embeddable":true,"href":"https:\/\/www.leslarmesderos.com\/en\/wp-json\/wp\/v2\/product_tag?post=3493"}],"curies":[{"name":"wp","href":"https:\/\/api.w.org\/{rel}","templated":true}]}}