{"id":3498,"date":"2022-12-28T00:34:48","date_gmt":"2022-12-27T23:34:48","guid":{"rendered":"http:\/\/bbbweco.cluster031.hosting.ovh.net\/leslarmesderos\/?post_type=product&#038;p=3498"},"modified":"2022-12-28T00:34:58","modified_gmt":"2022-12-27T23:34:58","slug":"les-imprudences-de-monique","status":"publish","type":"product","link":"https:\/\/www.leslarmesderos.com\/en\/produit\/les-imprudences-de-monique\/","title":{"rendered":"Les Imprudences de Monique"},"content":{"rendered":"[Auteur non identifi\u00e9]\nVers 1950<br \/>\n\u00c9dition originale, in-12 broch\u00e9, 129 pages. \u00c9tat neuf, Pia 667, couverture papier beige ros\u00e9, imprim\u00e9e en rouge.<\/p>\n","protected":false},"excerpt":{"rendered":"[Auteur non identifi\u00e9] Vers 1950 \u00c9dition originale, in-12 broch\u00e9, 129 pages. \u00c9tat neuf, Pia 667, couverture papier beige ros\u00e9, imprim\u00e9e en rouge.<\/p>\n","protected":false},"featured_media":3551,"template":"","meta":[],"product_cat":[73],"product_tag":[],"class_list":{"0":"post-3498","1":"product","2":"type-product","3":"status-publish","4":"has-post-thumbnail","6":"product_cat-curiosa-1950","8":"first","9":"instock","10":"shipping-taxable","11":"purchasable","12":"product-type-simple"},"_links":{"self":[{"href":"https:\/\/www.leslarmesderos.com\/en\/wp-json\/wp\/v2\/product\/3498","targetHints":{"allow":["GET"]}}],"collection":[{"href":"https:\/\/www.leslarmesderos.com\/en\/wp-json\/wp\/v2\/product"}],"about":[{"href":"https:\/\/www.leslarmesderos.com\/en\/wp-json\/wp\/v2\/types\/product"}],"wp:featuredmedia":[{"embeddable":true,"href":"https:\/\/www.leslarmesderos.com\/en\/wp-json\/wp\/v2\/media\/3551"}],"wp:attachment":[{"href":"https:\/\/www.leslarmesderos.com\/en\/wp-json\/wp\/v2\/media?parent=3498"}],"wp:term":[{"taxonomy":"product_cat","embeddable":true,"href":"https:\/\/www.leslarmesderos.com\/en\/wp-json\/wp\/v2\/product_cat?post=3498"},{"taxonomy":"product_tag","embeddable":true,"href":"https:\/\/www.leslarmesderos.com\/en\/wp-json\/wp\/v2\/product_tag?post=3498"}],"curies":[{"name":"wp","href":"https:\/\/api.w.org\/{rel}","templated":true}]}}