{"id":3500,"date":"2022-12-28T00:34:48","date_gmt":"2022-12-27T23:34:48","guid":{"rendered":"http:\/\/bbbweco.cluster031.hosting.ovh.net\/leslarmesderos\/?post_type=product&#038;p=3500"},"modified":"2022-12-28T00:34:59","modified_gmt":"2022-12-27T23:34:59","slug":"jupons-courts","status":"publish","type":"product","link":"https:\/\/www.leslarmesderos.com\/en\/produit\/jupons-courts\/","title":{"rendered":"Jupons courts"},"content":{"rendered":"<p>Jack DAUMIER<br \/>\n\u00c9ditions du Corso<br \/>\nVers 1950<br \/>\n\u00c9dition originale, in-8 de 135 pages.\tcouverture fort papier beige gaufr\u00e9, imprim\u00e9e en rouge.<\/p>\n","protected":false},"excerpt":{"rendered":"<p>Jack DAUMIER \u00c9ditions du Corso Vers 1950 \u00c9dition originale, in-8 de 135 pages. couverture fort papier beige gaufr\u00e9, imprim\u00e9e en rouge.<\/p>\n","protected":false},"featured_media":3557,"template":"","meta":[],"product_cat":[73],"product_tag":[],"class_list":{"0":"post-3500","1":"product","2":"type-product","3":"status-publish","4":"has-post-thumbnail","6":"product_cat-curiosa-1950","8":"first","9":"instock","10":"shipping-taxable","11":"purchasable","12":"product-type-simple"},"_links":{"self":[{"href":"https:\/\/www.leslarmesderos.com\/en\/wp-json\/wp\/v2\/product\/3500","targetHints":{"allow":["GET"]}}],"collection":[{"href":"https:\/\/www.leslarmesderos.com\/en\/wp-json\/wp\/v2\/product"}],"about":[{"href":"https:\/\/www.leslarmesderos.com\/en\/wp-json\/wp\/v2\/types\/product"}],"wp:featuredmedia":[{"embeddable":true,"href":"https:\/\/www.leslarmesderos.com\/en\/wp-json\/wp\/v2\/media\/3557"}],"wp:attachment":[{"href":"https:\/\/www.leslarmesderos.com\/en\/wp-json\/wp\/v2\/media?parent=3500"}],"wp:term":[{"taxonomy":"product_cat","embeddable":true,"href":"https:\/\/www.leslarmesderos.com\/en\/wp-json\/wp\/v2\/product_cat?post=3500"},{"taxonomy":"product_tag","embeddable":true,"href":"https:\/\/www.leslarmesderos.com\/en\/wp-json\/wp\/v2\/product_tag?post=3500"}],"curies":[{"name":"wp","href":"https:\/\/api.w.org\/{rel}","templated":true}]}}