{"id":3501,"date":"2022-12-28T00:34:49","date_gmt":"2022-12-27T23:34:49","guid":{"rendered":"http:\/\/bbbweco.cluster031.hosting.ovh.net\/leslarmesderos\/?post_type=product&#038;p=3501"},"modified":"2022-12-28T00:35:00","modified_gmt":"2022-12-27T23:35:00","slug":"la-maison-de-satan","status":"publish","type":"product","link":"https:\/\/www.leslarmesderos.com\/en\/produit\/la-maison-de-satan\/","title":{"rendered":"La Maison de Satan"},"content":{"rendered":"<p>Jules PORNOT<br \/>\n\u00c9ric Losfeld] Stockholm<br \/>\n[Vers 1960] 1948<br \/>\nIn-16 j\u00e9sus de 140 pages.<br \/>\n\u00c9dition originale, \u00e9tat neuf, couverture papier blanc cass\u00e9 imprim\u00e9e en rouge et noir<\/p>\n","protected":false},"excerpt":{"rendered":"<p>Jules PORNOT \u00c9ric Losfeld] Stockholm [Vers 1960] 1948 In-16 j\u00e9sus de 140 pages. \u00c9dition originale, \u00e9tat neuf, couverture papier blanc cass\u00e9 imprim\u00e9e en rouge et noir<\/p>\n","protected":false},"featured_media":3559,"template":"","meta":[],"product_cat":[73],"product_tag":[],"class_list":{"0":"post-3501","1":"product","2":"type-product","3":"status-publish","4":"has-post-thumbnail","6":"product_cat-curiosa-1950","8":"first","9":"instock","10":"shipping-taxable","11":"purchasable","12":"product-type-simple"},"_links":{"self":[{"href":"https:\/\/www.leslarmesderos.com\/en\/wp-json\/wp\/v2\/product\/3501","targetHints":{"allow":["GET"]}}],"collection":[{"href":"https:\/\/www.leslarmesderos.com\/en\/wp-json\/wp\/v2\/product"}],"about":[{"href":"https:\/\/www.leslarmesderos.com\/en\/wp-json\/wp\/v2\/types\/product"}],"wp:featuredmedia":[{"embeddable":true,"href":"https:\/\/www.leslarmesderos.com\/en\/wp-json\/wp\/v2\/media\/3559"}],"wp:attachment":[{"href":"https:\/\/www.leslarmesderos.com\/en\/wp-json\/wp\/v2\/media?parent=3501"}],"wp:term":[{"taxonomy":"product_cat","embeddable":true,"href":"https:\/\/www.leslarmesderos.com\/en\/wp-json\/wp\/v2\/product_cat?post=3501"},{"taxonomy":"product_tag","embeddable":true,"href":"https:\/\/www.leslarmesderos.com\/en\/wp-json\/wp\/v2\/product_tag?post=3501"}],"curies":[{"name":"wp","href":"https:\/\/api.w.org\/{rel}","templated":true}]}}