{"id":3506,"date":"2022-12-28T00:34:50","date_gmt":"2022-12-27T23:34:50","guid":{"rendered":"http:\/\/bbbweco.cluster031.hosting.ovh.net\/leslarmesderos\/?post_type=product&#038;p=3506"},"modified":"2022-12-28T00:35:02","modified_gmt":"2022-12-27T23:35:02","slug":"la-pension-des-surprises","status":"publish","type":"product","link":"https:\/\/www.leslarmesderos.com\/en\/produit\/la-pension-des-surprises\/","title":{"rendered":"La Pension des surprises"},"content":{"rendered":"<p>Graf E. ROOTHE (traduit de l\u2019allemand par Jules Pornot)<br \/>\n[\u00c9ric Losfeld] Montevid\u00e9o<br \/>\n[Vers 1956] 1936<br \/>\nIn-16 j\u00e9sus de 107 pages.<br \/>\n\u00c9dition originale. \u00c9tat neuf, couverture imprim\u00e9e en noir et bleu<\/p>\n","protected":false},"excerpt":{"rendered":"<p>Graf E. ROOTHE (traduit de l\u2019allemand par Jules Pornot) [\u00c9ric Losfeld] Montevid\u00e9o [Vers 1956] 1936 In-16 j\u00e9sus de 107 pages. \u00c9dition originale. \u00c9tat neuf, couverture imprim\u00e9e en noir et bleu<\/p>\n","protected":false},"featured_media":3569,"template":"","meta":[],"product_cat":[73],"product_tag":[],"class_list":{"0":"post-3506","1":"product","2":"type-product","3":"status-publish","4":"has-post-thumbnail","6":"product_cat-curiosa-1950","8":"first","9":"instock","10":"shipping-taxable","11":"purchasable","12":"product-type-simple"},"_links":{"self":[{"href":"https:\/\/www.leslarmesderos.com\/en\/wp-json\/wp\/v2\/product\/3506","targetHints":{"allow":["GET"]}}],"collection":[{"href":"https:\/\/www.leslarmesderos.com\/en\/wp-json\/wp\/v2\/product"}],"about":[{"href":"https:\/\/www.leslarmesderos.com\/en\/wp-json\/wp\/v2\/types\/product"}],"wp:featuredmedia":[{"embeddable":true,"href":"https:\/\/www.leslarmesderos.com\/en\/wp-json\/wp\/v2\/media\/3569"}],"wp:attachment":[{"href":"https:\/\/www.leslarmesderos.com\/en\/wp-json\/wp\/v2\/media?parent=3506"}],"wp:term":[{"taxonomy":"product_cat","embeddable":true,"href":"https:\/\/www.leslarmesderos.com\/en\/wp-json\/wp\/v2\/product_cat?post=3506"},{"taxonomy":"product_tag","embeddable":true,"href":"https:\/\/www.leslarmesderos.com\/en\/wp-json\/wp\/v2\/product_tag?post=3506"}],"curies":[{"name":"wp","href":"https:\/\/api.w.org\/{rel}","templated":true}]}}