{"id":3590,"date":"2022-12-28T00:35:07","date_gmt":"2022-12-27T23:35:07","guid":{"rendered":"http:\/\/bbbweco.cluster031.hosting.ovh.net\/leslarmesderos\/?post_type=product&#038;p=3590"},"modified":"2022-12-28T00:35:17","modified_gmt":"2022-12-27T23:35:17","slug":"voluptueuse-sarabande","status":"publish","type":"product","link":"https:\/\/www.leslarmesderos.com\/en\/produit\/voluptueuse-sarabande\/","title":{"rendered":"Voluptueuse sarabande"},"content":{"rendered":"<p>Bernard SETTER<br \/>\n\u00c9ditions du Sphinx<br \/>\n1958<br \/>\nIn-12, broch\u00e9, 186 pages.<br \/>\nPia 799. La page de titre ne d\u00e9signe que le titre. Les autres indications sont sur la couverture sauf la date qui figure seulement dans l\u2019achev\u00e9 d\u2019imprimer &#8211; 2e trimestre 1958<\/p>\n","protected":false},"excerpt":{"rendered":"<p>Bernard SETTER \u00c9ditions du Sphinx 1958 In-12, broch\u00e9, 186 pages. Pia 799. La page de titre ne d\u00e9signe que le titre. Les autres indications sont sur la couverture sauf la date qui figure seulement dans l\u2019achev\u00e9 d\u2019imprimer &#8211; 2e trimestre 1958<\/p>\n","protected":false},"featured_media":3641,"template":"","meta":[],"product_cat":[73],"product_tag":[],"class_list":{"0":"post-3590","1":"product","2":"type-product","3":"status-publish","4":"has-post-thumbnail","6":"product_cat-curiosa-1950","8":"first","9":"instock","10":"shipping-taxable","11":"purchasable","12":"product-type-simple"},"_links":{"self":[{"href":"https:\/\/www.leslarmesderos.com\/en\/wp-json\/wp\/v2\/product\/3590","targetHints":{"allow":["GET"]}}],"collection":[{"href":"https:\/\/www.leslarmesderos.com\/en\/wp-json\/wp\/v2\/product"}],"about":[{"href":"https:\/\/www.leslarmesderos.com\/en\/wp-json\/wp\/v2\/types\/product"}],"wp:featuredmedia":[{"embeddable":true,"href":"https:\/\/www.leslarmesderos.com\/en\/wp-json\/wp\/v2\/media\/3641"}],"wp:attachment":[{"href":"https:\/\/www.leslarmesderos.com\/en\/wp-json\/wp\/v2\/media?parent=3590"}],"wp:term":[{"taxonomy":"product_cat","embeddable":true,"href":"https:\/\/www.leslarmesderos.com\/en\/wp-json\/wp\/v2\/product_cat?post=3590"},{"taxonomy":"product_tag","embeddable":true,"href":"https:\/\/www.leslarmesderos.com\/en\/wp-json\/wp\/v2\/product_tag?post=3590"}],"curies":[{"name":"wp","href":"https:\/\/api.w.org\/{rel}","templated":true}]}}