{"id":3594,"date":"2022-12-28T00:35:08","date_gmt":"2022-12-27T23:35:08","guid":{"rendered":"http:\/\/bbbweco.cluster031.hosting.ovh.net\/leslarmesderos\/?post_type=product&#038;p=3594"},"modified":"2022-12-28T00:35:18","modified_gmt":"2022-12-27T23:35:18","slug":"sexy-films-s-a","status":"publish","type":"product","link":"https:\/\/www.leslarmesderos.com\/en\/produit\/sexy-films-s-a\/","title":{"rendered":"Sexy Films S. A."},"content":{"rendered":"<p>Andr\u00e9 DANVERS<br \/>\nEditions \u201cKarolus\u201d, 80 rue Ren\u00e9-Boulanger, Paris Xe<br \/>\n1959<br \/>\nIn-12, broch\u00e9, 253 pages.<br \/>\n\u00c9tat neuf<\/p>\n","protected":false},"excerpt":{"rendered":"<p>Andr\u00e9 DANVERS Editions \u201cKarolus\u201d, 80 rue Ren\u00e9-Boulanger, Paris Xe 1959 In-12, broch\u00e9, 253 pages. \u00c9tat neuf<\/p>\n","protected":false},"featured_media":3649,"template":"","meta":[],"product_cat":[73],"product_tag":[],"class_list":{"0":"post-3594","1":"product","2":"type-product","3":"status-publish","4":"has-post-thumbnail","6":"product_cat-curiosa-1950","8":"first","9":"instock","10":"shipping-taxable","11":"purchasable","12":"product-type-simple"},"_links":{"self":[{"href":"https:\/\/www.leslarmesderos.com\/en\/wp-json\/wp\/v2\/product\/3594","targetHints":{"allow":["GET"]}}],"collection":[{"href":"https:\/\/www.leslarmesderos.com\/en\/wp-json\/wp\/v2\/product"}],"about":[{"href":"https:\/\/www.leslarmesderos.com\/en\/wp-json\/wp\/v2\/types\/product"}],"wp:featuredmedia":[{"embeddable":true,"href":"https:\/\/www.leslarmesderos.com\/en\/wp-json\/wp\/v2\/media\/3649"}],"wp:attachment":[{"href":"https:\/\/www.leslarmesderos.com\/en\/wp-json\/wp\/v2\/media?parent=3594"}],"wp:term":[{"taxonomy":"product_cat","embeddable":true,"href":"https:\/\/www.leslarmesderos.com\/en\/wp-json\/wp\/v2\/product_cat?post=3594"},{"taxonomy":"product_tag","embeddable":true,"href":"https:\/\/www.leslarmesderos.com\/en\/wp-json\/wp\/v2\/product_tag?post=3594"}],"curies":[{"name":"wp","href":"https:\/\/api.w.org\/{rel}","templated":true}]}}