{"id":3596,"date":"2022-12-28T00:35:08","date_gmt":"2022-12-27T23:35:08","guid":{"rendered":"http:\/\/bbbweco.cluster031.hosting.ovh.net\/leslarmesderos\/?post_type=product&#038;p=3596"},"modified":"2022-12-28T16:55:00","modified_gmt":"2022-12-28T15:55:00","slug":"madame-albertine","status":"publish","type":"product","link":"https:\/\/www.leslarmesderos.com\/en\/produit\/madame-albertine\/","title":{"rendered":"Madame Albertine"},"content":{"rendered":"<p>A. DOC<br \/>\nCollection \u201cSens interdit\u201d<br \/>\n1959<br \/>\nIn-12, broch\u00e9, 208 pages. Couverture illustr\u00e9e.<br \/>\n\u00c9tat neuf<\/p>\n","protected":false},"excerpt":{"rendered":"<p>A. DOC Collection \u201cSens interdit\u201d 1959 In-12, broch\u00e9, 208 pages. Couverture illustr\u00e9e. \u00c9tat neuf<\/p>\n","protected":false},"featured_media":3653,"template":"","meta":[],"product_cat":[73],"product_tag":[],"class_list":{"0":"post-3596","1":"product","2":"type-product","3":"status-publish","4":"has-post-thumbnail","6":"product_cat-curiosa-1950","8":"first","9":"instock","10":"shipping-taxable","11":"purchasable","12":"product-type-simple"},"_links":{"self":[{"href":"https:\/\/www.leslarmesderos.com\/en\/wp-json\/wp\/v2\/product\/3596","targetHints":{"allow":["GET"]}}],"collection":[{"href":"https:\/\/www.leslarmesderos.com\/en\/wp-json\/wp\/v2\/product"}],"about":[{"href":"https:\/\/www.leslarmesderos.com\/en\/wp-json\/wp\/v2\/types\/product"}],"wp:featuredmedia":[{"embeddable":true,"href":"https:\/\/www.leslarmesderos.com\/en\/wp-json\/wp\/v2\/media\/3653"}],"wp:attachment":[{"href":"https:\/\/www.leslarmesderos.com\/en\/wp-json\/wp\/v2\/media?parent=3596"}],"wp:term":[{"taxonomy":"product_cat","embeddable":true,"href":"https:\/\/www.leslarmesderos.com\/en\/wp-json\/wp\/v2\/product_cat?post=3596"},{"taxonomy":"product_tag","embeddable":true,"href":"https:\/\/www.leslarmesderos.com\/en\/wp-json\/wp\/v2\/product_tag?post=3596"}],"curies":[{"name":"wp","href":"https:\/\/api.w.org\/{rel}","templated":true}]}}