{"id":3602,"date":"2022-12-28T00:35:09","date_gmt":"2022-12-27T23:35:09","guid":{"rendered":"http:\/\/bbbweco.cluster031.hosting.ovh.net\/leslarmesderos\/?post_type=product&#038;p=3602"},"modified":"2022-12-28T00:35:21","modified_gmt":"2022-12-27T23:35:21","slug":"femmes","status":"publish","type":"product","link":"https:\/\/www.leslarmesderos.com\/en\/produit\/femmes\/","title":{"rendered":"Femmes"},"content":{"rendered":"<p>Paul VERLAINE<br \/>\n[Charles Hirsch par Renaudie, publi\u00e9e \u00e0 Londres] Imprim\u00e9 sous le manteau et ne se vend nulle part<br \/>\n1893<br \/>\nIn-8 de 69 pages. 1 p. bl. 1 p. table.<br \/>\nUn des 500 exemplaires. Pia 500, Dutel 292, Leonina 126<\/p>\n","protected":false},"excerpt":{"rendered":"<p>Paul VERLAINE [Charles Hirsch par Renaudie, publi\u00e9e \u00e0 Londres] Imprim\u00e9 sous le manteau et ne se vend nulle part 1893 In-8 de 69 pages. 1 p. bl. 1 p. table. Un des 500 exemplaires. Pia 500, Dutel 292, Leonina 126<\/p>\n","protected":false},"featured_media":3665,"template":"","meta":[],"product_cat":[104],"product_tag":[],"class_list":{"0":"post-3602","1":"product","2":"type-product","3":"status-publish","4":"has-post-thumbnail","6":"product_cat-curiosa-xixe","8":"first","9":"instock","10":"shipping-taxable","11":"purchasable","12":"product-type-simple"},"_links":{"self":[{"href":"https:\/\/www.leslarmesderos.com\/en\/wp-json\/wp\/v2\/product\/3602","targetHints":{"allow":["GET"]}}],"collection":[{"href":"https:\/\/www.leslarmesderos.com\/en\/wp-json\/wp\/v2\/product"}],"about":[{"href":"https:\/\/www.leslarmesderos.com\/en\/wp-json\/wp\/v2\/types\/product"}],"wp:featuredmedia":[{"embeddable":true,"href":"https:\/\/www.leslarmesderos.com\/en\/wp-json\/wp\/v2\/media\/3665"}],"wp:attachment":[{"href":"https:\/\/www.leslarmesderos.com\/en\/wp-json\/wp\/v2\/media?parent=3602"}],"wp:term":[{"taxonomy":"product_cat","embeddable":true,"href":"https:\/\/www.leslarmesderos.com\/en\/wp-json\/wp\/v2\/product_cat?post=3602"},{"taxonomy":"product_tag","embeddable":true,"href":"https:\/\/www.leslarmesderos.com\/en\/wp-json\/wp\/v2\/product_tag?post=3602"}],"curies":[{"name":"wp","href":"https:\/\/api.w.org\/{rel}","templated":true}]}}