{"id":3680,"date":"2022-12-28T00:35:27","date_gmt":"2022-12-27T23:35:27","guid":{"rendered":"http:\/\/bbbweco.cluster031.hosting.ovh.net\/leslarmesderos\/?post_type=product&#038;p=3680"},"modified":"2022-12-28T00:35:33","modified_gmt":"2022-12-27T23:35:33","slug":"cuisant-noviciat","status":"publish","type":"product","link":"https:\/\/www.leslarmesderos.com\/en\/produit\/cuisant-noviciat\/","title":{"rendered":"Cuisant noviciat"},"content":{"rendered":"<p>Paulette VERG\u00c8S<br \/>\n[Jean FORT] Collection des Orties Blanches<br \/>\n1934<br \/>\nIn-8 broch\u00e9, 252 pages. Illustr\u00e9 de 12 h\u00e9liogravures de Jim BLACK [Luc LAFNET].<\/p>\n","protected":false},"excerpt":{"rendered":"<p>Paulette VERG\u00c8S [Jean FORT] Collection des Orties Blanches 1934 In-8 broch\u00e9, 252 pages. Illustr\u00e9 de 12 h\u00e9liogravures de Jim BLACK [Luc LAFNET].<\/p>\n","protected":false},"featured_media":3711,"template":"","meta":[],"product_cat":[155],"product_tag":[],"class_list":{"0":"post-3680","1":"product","2":"type-product","3":"status-publish","4":"has-post-thumbnail","6":"product_cat-fessee-et-flagellation","8":"first","9":"instock","10":"shipping-taxable","11":"purchasable","12":"product-type-simple"},"_links":{"self":[{"href":"https:\/\/www.leslarmesderos.com\/en\/wp-json\/wp\/v2\/product\/3680","targetHints":{"allow":["GET"]}}],"collection":[{"href":"https:\/\/www.leslarmesderos.com\/en\/wp-json\/wp\/v2\/product"}],"about":[{"href":"https:\/\/www.leslarmesderos.com\/en\/wp-json\/wp\/v2\/types\/product"}],"wp:featuredmedia":[{"embeddable":true,"href":"https:\/\/www.leslarmesderos.com\/en\/wp-json\/wp\/v2\/media\/3711"}],"wp:attachment":[{"href":"https:\/\/www.leslarmesderos.com\/en\/wp-json\/wp\/v2\/media?parent=3680"}],"wp:term":[{"taxonomy":"product_cat","embeddable":true,"href":"https:\/\/www.leslarmesderos.com\/en\/wp-json\/wp\/v2\/product_cat?post=3680"},{"taxonomy":"product_tag","embeddable":true,"href":"https:\/\/www.leslarmesderos.com\/en\/wp-json\/wp\/v2\/product_tag?post=3680"}],"curies":[{"name":"wp","href":"https:\/\/api.w.org\/{rel}","templated":true}]}}