{"id":3684,"date":"2022-12-28T00:35:27","date_gmt":"2022-12-27T23:35:27","guid":{"rendered":"http:\/\/bbbweco.cluster031.hosting.ovh.net\/leslarmesderos\/?post_type=product&#038;p=3684"},"modified":"2022-12-28T00:35:36","modified_gmt":"2022-12-27T23:35:36","slug":"felicia-ou-mes-fredaines","status":"publish","type":"product","link":"https:\/\/www.leslarmesderos.com\/en\/produit\/felicia-ou-mes-fredaines\/","title":{"rendered":"F\u00e9licia ou mes fredaines"},"content":{"rendered":"<p>ANDR\u00c9A DE NERCIAT<br \/>\nDeux-Rives<br \/>\n1952<br \/>\nIn-8 en feuilles, 348 pages. couverture en fort carton avec titre en bleu et illustration en couleur sign\u00e9e William FEL<br \/>\n18 lithographies en couleur hors-texte sign\u00e9es William Fel, folios, titres courants, titres de chapitres et lettrines imprim\u00e9es en rouge (\u201cLes lettrines histori\u00e9es sont des cr\u00e9ations originales sp\u00e9cialement ex\u00e9cut\u00e9es pour cet ouvrage.\u201d). Un des 900 exemplaires sur v\u00e9lin BFK de Rives \u00e0 la cuve, num\u00e9rot\u00e9s de 76 \u00e0 975, contenant chacun les illustrations tremin\u00e9es en couleurs\u201d<\/p>\n","protected":false},"excerpt":{"rendered":"<p>ANDR\u00c9A DE NERCIAT Deux-Rives 1952 In-8 en feuilles, 348 pages. couverture en fort carton avec titre en bleu et illustration en couleur sign\u00e9e William FEL 18 lithographies en couleur hors-texte sign\u00e9es William Fel, folios, titres courants, titres de chapitres et lettrines imprim\u00e9es en rouge (\u201cLes lettrines histori\u00e9es sont des cr\u00e9ations originales sp\u00e9cialement ex\u00e9cut\u00e9es pour cet [&#8230;]\n","protected":false},"featured_media":3721,"template":"","meta":[],"product_cat":[105],"product_tag":[],"class_list":{"0":"post-3684","1":"product","2":"type-product","3":"status-publish","4":"has-post-thumbnail","6":"product_cat-illustres-modernes","8":"first","9":"instock","10":"shipping-taxable","11":"purchasable","12":"product-type-simple"},"_links":{"self":[{"href":"https:\/\/www.leslarmesderos.com\/en\/wp-json\/wp\/v2\/product\/3684","targetHints":{"allow":["GET"]}}],"collection":[{"href":"https:\/\/www.leslarmesderos.com\/en\/wp-json\/wp\/v2\/product"}],"about":[{"href":"https:\/\/www.leslarmesderos.com\/en\/wp-json\/wp\/v2\/types\/product"}],"wp:featuredmedia":[{"embeddable":true,"href":"https:\/\/www.leslarmesderos.com\/en\/wp-json\/wp\/v2\/media\/3721"}],"wp:attachment":[{"href":"https:\/\/www.leslarmesderos.com\/en\/wp-json\/wp\/v2\/media?parent=3684"}],"wp:term":[{"taxonomy":"product_cat","embeddable":true,"href":"https:\/\/www.leslarmesderos.com\/en\/wp-json\/wp\/v2\/product_cat?post=3684"},{"taxonomy":"product_tag","embeddable":true,"href":"https:\/\/www.leslarmesderos.com\/en\/wp-json\/wp\/v2\/product_tag?post=3684"}],"curies":[{"name":"wp","href":"https:\/\/api.w.org\/{rel}","templated":true}]}}