{"id":3685,"date":"2022-12-28T00:35:28","date_gmt":"2022-12-27T23:35:28","guid":{"rendered":"http:\/\/bbbweco.cluster031.hosting.ovh.net\/leslarmesderos\/?post_type=product&#038;p=3685"},"modified":"2022-12-28T00:35:37","modified_gmt":"2022-12-27T23:35:37","slug":"la-muse-gaillarde","status":"publish","type":"product","link":"https:\/\/www.leslarmesderos.com\/en\/produit\/la-muse-gaillarde\/","title":{"rendered":"La Muse gaillarde"},"content":{"rendered":"<p>Raoul PONCHON<br \/>\nTerres latines<br \/>\n1949<br \/>\nIn-8, carr\u00e9, br, chemise et \u00e9tui illustr\u00e9s, 273 pages.<br \/>\nTir\u00e9 \u00e0 1950 ex. un des 1850 sur Alfa-Barjon<\/p>\n","protected":false},"excerpt":{"rendered":"<p>Raoul PONCHON Terres latines 1949 In-8, carr\u00e9, br, chemise et \u00e9tui illustr\u00e9s, 273 pages. Tir\u00e9 \u00e0 1950 ex. un des 1850 sur Alfa-Barjon<\/p>\n","protected":false},"featured_media":3725,"template":"","meta":[],"product_cat":[105],"product_tag":[],"class_list":{"0":"post-3685","1":"product","2":"type-product","3":"status-publish","4":"has-post-thumbnail","6":"product_cat-illustres-modernes","8":"first","9":"instock","10":"shipping-taxable","11":"purchasable","12":"product-type-simple"},"_links":{"self":[{"href":"https:\/\/www.leslarmesderos.com\/en\/wp-json\/wp\/v2\/product\/3685","targetHints":{"allow":["GET"]}}],"collection":[{"href":"https:\/\/www.leslarmesderos.com\/en\/wp-json\/wp\/v2\/product"}],"about":[{"href":"https:\/\/www.leslarmesderos.com\/en\/wp-json\/wp\/v2\/types\/product"}],"wp:featuredmedia":[{"embeddable":true,"href":"https:\/\/www.leslarmesderos.com\/en\/wp-json\/wp\/v2\/media\/3725"}],"wp:attachment":[{"href":"https:\/\/www.leslarmesderos.com\/en\/wp-json\/wp\/v2\/media?parent=3685"}],"wp:term":[{"taxonomy":"product_cat","embeddable":true,"href":"https:\/\/www.leslarmesderos.com\/en\/wp-json\/wp\/v2\/product_cat?post=3685"},{"taxonomy":"product_tag","embeddable":true,"href":"https:\/\/www.leslarmesderos.com\/en\/wp-json\/wp\/v2\/product_tag?post=3685"}],"curies":[{"name":"wp","href":"https:\/\/api.w.org\/{rel}","templated":true}]}}