{"id":3686,"date":"2022-12-28T00:35:28","date_gmt":"2022-12-27T23:35:28","guid":{"rendered":"http:\/\/bbbweco.cluster031.hosting.ovh.net\/leslarmesderos\/?post_type=product&#038;p=3686"},"modified":"2022-12-28T00:35:37","modified_gmt":"2022-12-27T23:35:37","slug":"les-vilanelles-avec-ses-poesies-en-langage-du-xve-siecle","status":"publish","type":"product","link":"https:\/\/www.leslarmesderos.com\/en\/produit\/les-vilanelles-avec-ses-poesies-en-langage-du-xve-siecle\/","title":{"rendered":"Les Vilanelles, avec ses po\u00e9sies en langage du XV\u00e8 si\u00e8cle"},"content":{"rendered":"<p>Joseph BOULMIER<br \/>\nLISEUX<br \/>\n1879<br \/>\nIn-18, elz\u00e9virien br, 140 pages.\t2e \u00e9dition, orn\u00e9e d&#8217;une eau-forte par Ad. LALAUZE.<\/p>\n","protected":false},"excerpt":{"rendered":"<p>Joseph BOULMIER LISEUX 1879 In-18, elz\u00e9virien br, 140 pages. 2e \u00e9dition, orn\u00e9e d&#8217;une eau-forte par Ad. LALAUZE.<\/p>\n","protected":false},"featured_media":3729,"template":"","meta":[],"product_cat":[106],"product_tag":[],"class_list":{"0":"post-3686","1":"product","2":"type-product","3":"status-publish","4":"has-post-thumbnail","6":"product_cat-xixe-isidore-liseux","8":"first","9":"instock","10":"shipping-taxable","11":"purchasable","12":"product-type-simple"},"_links":{"self":[{"href":"https:\/\/www.leslarmesderos.com\/en\/wp-json\/wp\/v2\/product\/3686","targetHints":{"allow":["GET"]}}],"collection":[{"href":"https:\/\/www.leslarmesderos.com\/en\/wp-json\/wp\/v2\/product"}],"about":[{"href":"https:\/\/www.leslarmesderos.com\/en\/wp-json\/wp\/v2\/types\/product"}],"wp:featuredmedia":[{"embeddable":true,"href":"https:\/\/www.leslarmesderos.com\/en\/wp-json\/wp\/v2\/media\/3729"}],"wp:attachment":[{"href":"https:\/\/www.leslarmesderos.com\/en\/wp-json\/wp\/v2\/media?parent=3686"}],"wp:term":[{"taxonomy":"product_cat","embeddable":true,"href":"https:\/\/www.leslarmesderos.com\/en\/wp-json\/wp\/v2\/product_cat?post=3686"},{"taxonomy":"product_tag","embeddable":true,"href":"https:\/\/www.leslarmesderos.com\/en\/wp-json\/wp\/v2\/product_tag?post=3686"}],"curies":[{"name":"wp","href":"https:\/\/api.w.org\/{rel}","templated":true}]}}