{"id":3687,"date":"2022-12-28T00:35:28","date_gmt":"2022-12-27T23:35:28","guid":{"rendered":"http:\/\/bbbweco.cluster031.hosting.ovh.net\/leslarmesderos\/?post_type=product&#038;p=3687"},"modified":"2022-12-28T00:35:38","modified_gmt":"2022-12-27T23:35:38","slug":"un-vieillard-doit-il-se-marier","status":"publish","type":"product","link":"https:\/\/www.leslarmesderos.com\/en\/produit\/un-vieillard-doit-il-se-marier\/","title":{"rendered":"Un Vieillard doit-il se marier ?"},"content":{"rendered":"<p>Pogge<br \/>\nLiseux<br \/>\n1877<br \/>\nIn-18 elz\u00e9virien, br, xiv-73 pages.<br \/>\nDialogue de Pogge, florentin, traduit en fran\u00e7ais pour la premi\u00e8re fois par Alcide Bonneau. Texte latin en regard<\/p>\n","protected":false},"excerpt":{"rendered":"<p>Pogge Liseux 1877 In-18 elz\u00e9virien, br, xiv-73 pages. Dialogue de Pogge, florentin, traduit en fran\u00e7ais pour la premi\u00e8re fois par Alcide Bonneau. Texte latin en regard<\/p>\n","protected":false},"featured_media":3733,"template":"","meta":[],"product_cat":[106],"product_tag":[],"class_list":{"0":"post-3687","1":"product","2":"type-product","3":"status-publish","4":"has-post-thumbnail","6":"product_cat-xixe-isidore-liseux","8":"first","9":"instock","10":"shipping-taxable","11":"purchasable","12":"product-type-simple"},"_links":{"self":[{"href":"https:\/\/www.leslarmesderos.com\/en\/wp-json\/wp\/v2\/product\/3687","targetHints":{"allow":["GET"]}}],"collection":[{"href":"https:\/\/www.leslarmesderos.com\/en\/wp-json\/wp\/v2\/product"}],"about":[{"href":"https:\/\/www.leslarmesderos.com\/en\/wp-json\/wp\/v2\/types\/product"}],"wp:featuredmedia":[{"embeddable":true,"href":"https:\/\/www.leslarmesderos.com\/en\/wp-json\/wp\/v2\/media\/3733"}],"wp:attachment":[{"href":"https:\/\/www.leslarmesderos.com\/en\/wp-json\/wp\/v2\/media?parent=3687"}],"wp:term":[{"taxonomy":"product_cat","embeddable":true,"href":"https:\/\/www.leslarmesderos.com\/en\/wp-json\/wp\/v2\/product_cat?post=3687"},{"taxonomy":"product_tag","embeddable":true,"href":"https:\/\/www.leslarmesderos.com\/en\/wp-json\/wp\/v2\/product_tag?post=3687"}],"curies":[{"name":"wp","href":"https:\/\/api.w.org\/{rel}","templated":true}]}}