{"id":3694,"date":"2022-12-28T00:35:29","date_gmt":"2022-12-27T23:35:29","guid":{"rendered":"http:\/\/bbbweco.cluster031.hosting.ovh.net\/leslarmesderos\/?post_type=product&#038;p=3694"},"modified":"2022-12-28T00:35:40","modified_gmt":"2022-12-27T23:35:40","slug":"poemes-en-prose","status":"publish","type":"product","link":"https:\/\/www.leslarmesderos.com\/en\/produit\/poemes-en-prose\/","title":{"rendered":"Po\u00e8mes en prose"},"content":{"rendered":"<p>Oscar WILDE<br \/>\nCharles Carrington, libraire \u00e9diteur<br \/>\n1906<br \/>\nIn-8 broch\u00e9, 51 pages.<br \/>\nTraduction fran\u00e7aise de Charles Grolleau. Pr\u00e9face de Jacques Desroix.<\/p>\n","protected":false},"excerpt":{"rendered":"<p>Oscar WILDE Charles Carrington, libraire \u00e9diteur 1906 In-8 broch\u00e9, 51 pages. Traduction fran\u00e7aise de Charles Grolleau. Pr\u00e9face de Jacques Desroix.<\/p>\n","protected":false},"featured_media":3747,"template":"","meta":[],"product_cat":[111],"product_tag":[],"class_list":{"0":"post-3694","1":"product","2":"type-product","3":"status-publish","4":"has-post-thumbnail","6":"product_cat-charles-carrington","8":"first","9":"instock","10":"shipping-taxable","11":"purchasable","12":"product-type-simple"},"_links":{"self":[{"href":"https:\/\/www.leslarmesderos.com\/en\/wp-json\/wp\/v2\/product\/3694","targetHints":{"allow":["GET"]}}],"collection":[{"href":"https:\/\/www.leslarmesderos.com\/en\/wp-json\/wp\/v2\/product"}],"about":[{"href":"https:\/\/www.leslarmesderos.com\/en\/wp-json\/wp\/v2\/types\/product"}],"wp:featuredmedia":[{"embeddable":true,"href":"https:\/\/www.leslarmesderos.com\/en\/wp-json\/wp\/v2\/media\/3747"}],"wp:attachment":[{"href":"https:\/\/www.leslarmesderos.com\/en\/wp-json\/wp\/v2\/media?parent=3694"}],"wp:term":[{"taxonomy":"product_cat","embeddable":true,"href":"https:\/\/www.leslarmesderos.com\/en\/wp-json\/wp\/v2\/product_cat?post=3694"},{"taxonomy":"product_tag","embeddable":true,"href":"https:\/\/www.leslarmesderos.com\/en\/wp-json\/wp\/v2\/product_tag?post=3694"}],"curies":[{"name":"wp","href":"https:\/\/api.w.org\/{rel}","templated":true}]}}