{"id":3695,"date":"2022-12-28T00:35:30","date_gmt":"2022-12-27T23:35:30","guid":{"rendered":"http:\/\/bbbweco.cluster031.hosting.ovh.net\/leslarmesderos\/?post_type=product&#038;p=3695"},"modified":"2022-12-31T18:13:28","modified_gmt":"2022-12-31T17:13:28","slug":"les-contemporaines-galantes","status":"publish","type":"product","link":"https:\/\/www.leslarmesderos.com\/en\/produit\/les-contemporaines-galantes\/","title":{"rendered":"Les Contemporaines galantes"},"content":{"rendered":"[Pierre MAC ORLAN &#8211; Andr\u00e9 DIGNIMONT]\nParis, 1931.<br \/>\nIn-8 de 64 pages, en feuilles, orn\u00e9 de 10 aquarelles, 10 culs de lampe et une vignette de titre attribu\u00e9s \u00e0 Andr\u00e9 Dignimont.<br \/>\nBibliographie : Pas \u00e0 la BnF, Dutel 1292.<\/p>\n","protected":false},"excerpt":{"rendered":"[Pierre MAC ORLAN &#8211; Andr\u00e9 DIGNIMONT] Paris, 1931. In-8 de 64 pages, en feuilles, orn\u00e9 de 10 aquarelles, 10 culs de lampe et une vignette de titre attribu\u00e9s \u00e0 Andr\u00e9 Dignimont. Bibliographie : Pas \u00e0 la BnF, Dutel 1292.<\/p>\n","protected":false},"featured_media":3749,"template":"","meta":[],"product_cat":[97],"product_tag":[],"class_list":{"0":"post-3695","1":"product","2":"type-product","3":"status-publish","4":"has-post-thumbnail","6":"product_cat-curiosa-illustres-1930","8":"first","9":"instock","10":"shipping-taxable","11":"purchasable","12":"product-type-simple"},"_links":{"self":[{"href":"https:\/\/www.leslarmesderos.com\/en\/wp-json\/wp\/v2\/product\/3695","targetHints":{"allow":["GET"]}}],"collection":[{"href":"https:\/\/www.leslarmesderos.com\/en\/wp-json\/wp\/v2\/product"}],"about":[{"href":"https:\/\/www.leslarmesderos.com\/en\/wp-json\/wp\/v2\/types\/product"}],"wp:featuredmedia":[{"embeddable":true,"href":"https:\/\/www.leslarmesderos.com\/en\/wp-json\/wp\/v2\/media\/3749"}],"wp:attachment":[{"href":"https:\/\/www.leslarmesderos.com\/en\/wp-json\/wp\/v2\/media?parent=3695"}],"wp:term":[{"taxonomy":"product_cat","embeddable":true,"href":"https:\/\/www.leslarmesderos.com\/en\/wp-json\/wp\/v2\/product_cat?post=3695"},{"taxonomy":"product_tag","embeddable":true,"href":"https:\/\/www.leslarmesderos.com\/en\/wp-json\/wp\/v2\/product_tag?post=3695"}],"curies":[{"name":"wp","href":"https:\/\/api.w.org\/{rel}","templated":true}]}}