{"id":3700,"date":"2022-12-28T00:35:31","date_gmt":"2022-12-27T23:35:31","guid":{"rendered":"http:\/\/bbbweco.cluster031.hosting.ovh.net\/leslarmesderos\/?post_type=product&#038;p=3700"},"modified":"2022-12-28T00:35:43","modified_gmt":"2022-12-27T23:35:43","slug":"la-kermesse-gerando-le-village-des-voluptes","status":"publish","type":"product","link":"https:\/\/www.leslarmesderos.com\/en\/produit\/la-kermesse-gerando-le-village-des-voluptes\/","title":{"rendered":"La Kermesse G\u00e9rando \u2014 Le Village des volupt\u00e9s"},"content":{"rendered":"[A. MOMAS] par J. Le NISMOIS<br \/>\nLondon-Paris \/ Soci\u00e9t\u00e9 des Bibliophiles<br \/>\n1907<br \/>\nIn-8 de 207 pages.<br \/>\n\u00c9dition originale ; Pia 1522, Perceau 248, Dutel 915<\/p>\n","protected":false},"excerpt":{"rendered":"[A. MOMAS] par J. Le NISMOIS London-Paris \/ Soci\u00e9t\u00e9 des Bibliophiles 1907 In-8 de 207 pages. \u00c9dition originale ; Pia 1522, Perceau 248, Dutel 915<\/p>\n","protected":false},"featured_media":3761,"template":"","meta":[],"product_cat":[113],"product_tag":[],"class_list":{"0":"post-3700","1":"product","2":"type-product","3":"status-publish","4":"has-post-thumbnail","6":"product_cat-curiosa-1900","8":"first","9":"instock","10":"shipping-taxable","11":"purchasable","12":"product-type-simple"},"_links":{"self":[{"href":"https:\/\/www.leslarmesderos.com\/en\/wp-json\/wp\/v2\/product\/3700","targetHints":{"allow":["GET"]}}],"collection":[{"href":"https:\/\/www.leslarmesderos.com\/en\/wp-json\/wp\/v2\/product"}],"about":[{"href":"https:\/\/www.leslarmesderos.com\/en\/wp-json\/wp\/v2\/types\/product"}],"wp:featuredmedia":[{"embeddable":true,"href":"https:\/\/www.leslarmesderos.com\/en\/wp-json\/wp\/v2\/media\/3761"}],"wp:attachment":[{"href":"https:\/\/www.leslarmesderos.com\/en\/wp-json\/wp\/v2\/media?parent=3700"}],"wp:term":[{"taxonomy":"product_cat","embeddable":true,"href":"https:\/\/www.leslarmesderos.com\/en\/wp-json\/wp\/v2\/product_cat?post=3700"},{"taxonomy":"product_tag","embeddable":true,"href":"https:\/\/www.leslarmesderos.com\/en\/wp-json\/wp\/v2\/product_tag?post=3700"}],"curies":[{"name":"wp","href":"https:\/\/api.w.org\/{rel}","templated":true}]}}