{"id":3702,"date":"2022-12-28T00:35:31","date_gmt":"2022-12-27T23:35:31","guid":{"rendered":"http:\/\/bbbweco.cluster031.hosting.ovh.net\/leslarmesderos\/?post_type=product&#038;p=3702"},"modified":"2022-12-28T00:35:44","modified_gmt":"2022-12-27T23:35:44","slug":"nocrion-conte-allobroge","status":"publish","type":"product","link":"https:\/\/www.leslarmesderos.com\/en\/produit\/nocrion-conte-allobroge\/","title":{"rendered":"Nocrion, Conte allobroge"},"content":{"rendered":"[M. de CAYLUS]\nGay et Douc\u00e9<br \/>\n1881<br \/>\nin-12, broch\u00e9 de 95 pages.<br \/>\nPetits manques \u00e0 la couverture<\/p>\n","protected":false},"excerpt":{"rendered":"[M. de CAYLUS] Gay et Douc\u00e9 1881 in-12, broch\u00e9 de 95 pages. Petits manques \u00e0 la couverture<\/p>\n","protected":false},"featured_media":3765,"template":"","meta":[],"product_cat":[94],"product_tag":[],"class_list":{"0":"post-3702","1":"product","2":"type-product","3":"status-publish","4":"has-post-thumbnail","6":"product_cat-xixe-gay-et-douce","8":"first","9":"instock","10":"shipping-taxable","11":"purchasable","12":"product-type-simple"},"_links":{"self":[{"href":"https:\/\/www.leslarmesderos.com\/en\/wp-json\/wp\/v2\/product\/3702","targetHints":{"allow":["GET"]}}],"collection":[{"href":"https:\/\/www.leslarmesderos.com\/en\/wp-json\/wp\/v2\/product"}],"about":[{"href":"https:\/\/www.leslarmesderos.com\/en\/wp-json\/wp\/v2\/types\/product"}],"wp:featuredmedia":[{"embeddable":true,"href":"https:\/\/www.leslarmesderos.com\/en\/wp-json\/wp\/v2\/media\/3765"}],"wp:attachment":[{"href":"https:\/\/www.leslarmesderos.com\/en\/wp-json\/wp\/v2\/media?parent=3702"}],"wp:term":[{"taxonomy":"product_cat","embeddable":true,"href":"https:\/\/www.leslarmesderos.com\/en\/wp-json\/wp\/v2\/product_cat?post=3702"},{"taxonomy":"product_tag","embeddable":true,"href":"https:\/\/www.leslarmesderos.com\/en\/wp-json\/wp\/v2\/product_tag?post=3702"}],"curies":[{"name":"wp","href":"https:\/\/api.w.org\/{rel}","templated":true}]}}