{"id":3781,"date":"2022-12-28T00:35:48","date_gmt":"2022-12-27T23:35:48","guid":{"rendered":"http:\/\/bbbweco.cluster031.hosting.ovh.net\/leslarmesderos\/produit\/memoires-de-suzon-soeur-du-portier-des-chartreux-suivis-de-lhistoire-de-marguerite-fille-de-suzon-dediee-a-laimable-miss-tres-connue\/"},"modified":"2022-12-28T00:35:48","modified_gmt":"2022-12-27T23:35:48","slug":"memoires-de-suzon-soeur-du-portier-des-chartreux-suivis-de-lhistoire-de-marguerite-fille-de-suzon-dediee-a-laimable-miss-tres-connue","status":"publish","type":"product","link":"https:\/\/www.leslarmesderos.com\/en\/produit\/memoires-de-suzon-soeur-du-portier-des-chartreux-suivis-de-lhistoire-de-marguerite-fille-de-suzon-dediee-a-laimable-miss-tres-connue\/","title":{"rendered":"M\u00e9moires de Suzon. S\u0153ur du Portier des Chartreux suivis de l\u2019histoire de Marguerite, fille de Suzon d\u00e9di\u00e9e \u00e0 l\u2019aimable Miss\u2026. tr\u00e8s connue"},"content":{"rendered":"[Auteur non identifi\u00e9]\n[Georges Briffaut] Philadelphie ; Chez W. Jackson et Cie, imprimeurs, N\u00b0 3 de la 4e rue de la 2e avenue<br \/>\n1912<br \/>\n2 tomes en un volume in-8 de 2 ff.\/xix\/157 pages.<br \/>\nPC 1151, Pia 897, Dutel 534<\/p>\n","protected":false},"excerpt":{"rendered":"[Auteur non identifi\u00e9] [Georges Briffaut] Philadelphie ; Chez W. Jackson et Cie, imprimeurs, N\u00b0 3 de la 4e rue de la 2e avenue 1912 2 tomes en un volume in-8 de 2 ff.\/xix\/157 pages. PC 1151, Pia 897, Dutel 534<\/p>\n","protected":false},"featured_media":3779,"template":"","meta":[],"product_cat":[113],"product_tag":[],"class_list":{"0":"post-3781","1":"product","2":"type-product","3":"status-publish","4":"has-post-thumbnail","6":"product_cat-curiosa-1900","8":"first","9":"instock","10":"shipping-taxable","11":"purchasable","12":"product-type-simple"},"_links":{"self":[{"href":"https:\/\/www.leslarmesderos.com\/en\/wp-json\/wp\/v2\/product\/3781","targetHints":{"allow":["GET"]}}],"collection":[{"href":"https:\/\/www.leslarmesderos.com\/en\/wp-json\/wp\/v2\/product"}],"about":[{"href":"https:\/\/www.leslarmesderos.com\/en\/wp-json\/wp\/v2\/types\/product"}],"wp:featuredmedia":[{"embeddable":true,"href":"https:\/\/www.leslarmesderos.com\/en\/wp-json\/wp\/v2\/media\/3779"}],"wp:attachment":[{"href":"https:\/\/www.leslarmesderos.com\/en\/wp-json\/wp\/v2\/media?parent=3781"}],"wp:term":[{"taxonomy":"product_cat","embeddable":true,"href":"https:\/\/www.leslarmesderos.com\/en\/wp-json\/wp\/v2\/product_cat?post=3781"},{"taxonomy":"product_tag","embeddable":true,"href":"https:\/\/www.leslarmesderos.com\/en\/wp-json\/wp\/v2\/product_tag?post=3781"}],"curies":[{"name":"wp","href":"https:\/\/api.w.org\/{rel}","templated":true}]}}