{"id":3796,"date":"2022-12-28T00:35:51","date_gmt":"2022-12-27T23:35:51","guid":{"rendered":"http:\/\/bbbweco.cluster031.hosting.ovh.net\/leslarmesderos\/produit\/mylord-ou-les-bamboches-dun-gentleman\/"},"modified":"2022-12-28T00:35:51","modified_gmt":"2022-12-27T23:35:51","slug":"mylord-ou-les-bamboches-dun-gentleman","status":"publish","type":"product","link":"https:\/\/www.leslarmesderos.com\/en\/produit\/mylord-ou-les-bamboches-dun-gentleman\/","title":{"rendered":"Mylord ou les Bamboches d\u2019un gentleman"},"content":{"rendered":"[Auteur non identifi\u00e9]\n[Gay &#038; Douc\u00e9] A Lausanne, chez Quatermann, cette pr\u00e9sente ann\u00e9e<br \/>\n1880<br \/>\nIn-8 broch\u00e9 de 110 pages. et un f. blanc.<br \/>\nImprim\u00e9 sans justification de \u00c9preuve sur verg\u00e9 P. Van Son &#038; C\u00b0. Pia 967, Duprilot 79, Perceau 28-7, Kearney 321, Enfer 68, Dutel 580<\/p>\n","protected":false},"excerpt":{"rendered":"[Auteur non identifi\u00e9] [Gay &#038; Douc\u00e9] A Lausanne, chez Quatermann, cette pr\u00e9sente ann\u00e9e 1880 In-8 broch\u00e9 de 110 pages. et un f. blanc. Imprim\u00e9 sans justification de \u00c9preuve sur verg\u00e9 P. Van Son &#038; C\u00b0. Pia 967, Duprilot 79, Perceau 28-7, Kearney 321, Enfer 68, Dutel 580<\/p>\n","protected":false},"featured_media":3794,"template":"","meta":[],"product_cat":[94],"product_tag":[],"class_list":{"0":"post-3796","1":"product","2":"type-product","3":"status-publish","4":"has-post-thumbnail","6":"product_cat-xixe-gay-et-douce","8":"first","9":"instock","10":"shipping-taxable","11":"purchasable","12":"product-type-simple"},"_links":{"self":[{"href":"https:\/\/www.leslarmesderos.com\/en\/wp-json\/wp\/v2\/product\/3796","targetHints":{"allow":["GET"]}}],"collection":[{"href":"https:\/\/www.leslarmesderos.com\/en\/wp-json\/wp\/v2\/product"}],"about":[{"href":"https:\/\/www.leslarmesderos.com\/en\/wp-json\/wp\/v2\/types\/product"}],"wp:featuredmedia":[{"embeddable":true,"href":"https:\/\/www.leslarmesderos.com\/en\/wp-json\/wp\/v2\/media\/3794"}],"wp:attachment":[{"href":"https:\/\/www.leslarmesderos.com\/en\/wp-json\/wp\/v2\/media?parent=3796"}],"wp:term":[{"taxonomy":"product_cat","embeddable":true,"href":"https:\/\/www.leslarmesderos.com\/en\/wp-json\/wp\/v2\/product_cat?post=3796"},{"taxonomy":"product_tag","embeddable":true,"href":"https:\/\/www.leslarmesderos.com\/en\/wp-json\/wp\/v2\/product_tag?post=3796"}],"curies":[{"name":"wp","href":"https:\/\/api.w.org\/{rel}","templated":true}]}}