{"id":3802,"date":"2022-12-28T00:35:51","date_gmt":"2022-12-27T23:35:51","guid":{"rendered":"http:\/\/bbbweco.cluster031.hosting.ovh.net\/leslarmesderos\/produit\/le-roman-nouvelles-serie-detudes-passionnellles-documentaires-blasees-en-rut-tableau-tres-realiste-de-la-passion-du-stupre-chez-les-perverties-sexuelles-et-sensorielle\/"},"modified":"2022-12-28T00:35:51","modified_gmt":"2022-12-27T23:35:51","slug":"le-roman-nouvelles-serie-detudes-passionnellles-documentaires-blasees-en-rut-tableau-tres-realiste-de-la-passion-du-stupre-chez-les-perverties-sexuelles-et-sensorielle","status":"publish","type":"product","link":"https:\/\/www.leslarmesderos.com\/en\/produit\/le-roman-nouvelles-serie-detudes-passionnellles-documentaires-blasees-en-rut-tableau-tres-realiste-de-la-passion-du-stupre-chez-les-perverties-sexuelles-et-sensorielle\/","title":{"rendered":"Le Roman-Nouvelles \u2014 S\u00e9rie d\u2019\u00e9tudes passionnellles &#038; documentaires &#8211; Blas\u00e9es en rut \u2014 Tableau tr\u00e8s r\u00e9aliste de la passion du stupre chez les perverties sexuelles et sensorielles"},"content":{"rendered":"[Alphonse GALLAIS] par Grimaudin d\u2019Echara<br \/>\n[Alphonse Gallais ou Jean Fort]\n1912<br \/>\nIn-8 broch\u00e9 de 12\/135\/12 pages. de catalogue.<br \/>\nPrix : 20 francs ; \u00c9dition originale ; Pia 129, Private Case 637, Per 305-H, Dutel 82 (Nous pensons qu\u2019Alphonse Gallais \u00e9ditait ses textes. Dutel pense qu\u2019ils \u00e9taient publi\u00e9s par Jean Fort. Affaire \u00e0 suivre\u2026)<\/p>\n","protected":false},"excerpt":{"rendered":"[Alphonse GALLAIS] par Grimaudin d\u2019Echara [Alphonse Gallais ou Jean Fort] 1912 In-8 broch\u00e9 de 12\/135\/12 pages. de catalogue. Prix : 20 francs ; \u00c9dition originale ; Pia 129, Private Case 637, Per 305-H, Dutel 82 (Nous pensons qu\u2019Alphonse Gallais \u00e9ditait ses textes. Dutel pense qu\u2019ils \u00e9taient publi\u00e9s par Jean Fort. Affaire \u00e0 suivre\u2026)<\/p>\n","protected":false},"featured_media":3800,"template":"","meta":[],"product_cat":[113],"product_tag":[],"class_list":{"0":"post-3802","1":"product","2":"type-product","3":"status-publish","4":"has-post-thumbnail","6":"product_cat-curiosa-1900","8":"first","9":"instock","10":"shipping-taxable","11":"purchasable","12":"product-type-simple"},"_links":{"self":[{"href":"https:\/\/www.leslarmesderos.com\/en\/wp-json\/wp\/v2\/product\/3802","targetHints":{"allow":["GET"]}}],"collection":[{"href":"https:\/\/www.leslarmesderos.com\/en\/wp-json\/wp\/v2\/product"}],"about":[{"href":"https:\/\/www.leslarmesderos.com\/en\/wp-json\/wp\/v2\/types\/product"}],"wp:featuredmedia":[{"embeddable":true,"href":"https:\/\/www.leslarmesderos.com\/en\/wp-json\/wp\/v2\/media\/3800"}],"wp:attachment":[{"href":"https:\/\/www.leslarmesderos.com\/en\/wp-json\/wp\/v2\/media?parent=3802"}],"wp:term":[{"taxonomy":"product_cat","embeddable":true,"href":"https:\/\/www.leslarmesderos.com\/en\/wp-json\/wp\/v2\/product_cat?post=3802"},{"taxonomy":"product_tag","embeddable":true,"href":"https:\/\/www.leslarmesderos.com\/en\/wp-json\/wp\/v2\/product_tag?post=3802"}],"curies":[{"name":"wp","href":"https:\/\/api.w.org\/{rel}","templated":true}]}}