{"id":3811,"date":"2022-12-28T00:35:53","date_gmt":"2022-12-27T23:35:53","guid":{"rendered":"http:\/\/bbbweco.cluster031.hosting.ovh.net\/leslarmesderos\/produit\/par-le-fouet-et-par-les-verges-le-secret-de-miss-sticker\/"},"modified":"2022-12-28T00:35:53","modified_gmt":"2022-12-27T23:35:53","slug":"par-le-fouet-et-par-les-verges-le-secret-de-miss-sticker","status":"publish","type":"product","link":"https:\/\/www.leslarmesderos.com\/en\/produit\/par-le-fouet-et-par-les-verges-le-secret-de-miss-sticker\/","title":{"rendered":"Par le fouet et par les verges \u2014 Le Secret de Miss Sticker"},"content":{"rendered":"[A. MOMAS] par Tap-Tap<br \/>\n[Carrington ?] London-Paris, Soci\u00e9t\u00e9 des Bibliophiles<br \/>\n1907<br \/>\nIn-8 de 169 pages.\/2 ff. de catalogue, reli\u00e9 pleine percaline rouge, titr\u00e9 au dos.<br \/>\n\u00c9dition originale. Pia 1310, Private Case 1274, Perceau 268, Dutel 783. Condamn\u00e9 le 23 d\u00e9cembre 1914<\/p>\n","protected":false},"excerpt":{"rendered":"[A. MOMAS] par Tap-Tap [Carrington ?] London-Paris, Soci\u00e9t\u00e9 des Bibliophiles 1907 In-8 de 169 pages.\/2 ff. de catalogue, reli\u00e9 pleine percaline rouge, titr\u00e9 au dos. \u00c9dition originale. Pia 1310, Private Case 1274, Perceau 268, Dutel 783. Condamn\u00e9 le 23 d\u00e9cembre 1914<\/p>\n","protected":false},"featured_media":3809,"template":"","meta":[],"product_cat":[155],"product_tag":[],"class_list":{"0":"post-3811","1":"product","2":"type-product","3":"status-publish","4":"has-post-thumbnail","6":"product_cat-fessee-et-flagellation","8":"first","9":"instock","10":"shipping-taxable","11":"purchasable","12":"product-type-simple"},"_links":{"self":[{"href":"https:\/\/www.leslarmesderos.com\/en\/wp-json\/wp\/v2\/product\/3811","targetHints":{"allow":["GET"]}}],"collection":[{"href":"https:\/\/www.leslarmesderos.com\/en\/wp-json\/wp\/v2\/product"}],"about":[{"href":"https:\/\/www.leslarmesderos.com\/en\/wp-json\/wp\/v2\/types\/product"}],"wp:featuredmedia":[{"embeddable":true,"href":"https:\/\/www.leslarmesderos.com\/en\/wp-json\/wp\/v2\/media\/3809"}],"wp:attachment":[{"href":"https:\/\/www.leslarmesderos.com\/en\/wp-json\/wp\/v2\/media?parent=3811"}],"wp:term":[{"taxonomy":"product_cat","embeddable":true,"href":"https:\/\/www.leslarmesderos.com\/en\/wp-json\/wp\/v2\/product_cat?post=3811"},{"taxonomy":"product_tag","embeddable":true,"href":"https:\/\/www.leslarmesderos.com\/en\/wp-json\/wp\/v2\/product_tag?post=3811"}],"curies":[{"name":"wp","href":"https:\/\/api.w.org\/{rel}","templated":true}]}}