{"id":3826,"date":"2022-12-28T00:35:55","date_gmt":"2022-12-27T23:35:55","guid":{"rendered":"http:\/\/bbbweco.cluster031.hosting.ovh.net\/leslarmesderos\/produit\/etude-de-nu-feminin-vers-5\/"},"modified":"2022-12-28T20:23:16","modified_gmt":"2022-12-28T19:23:16","slug":"etude-de-nu-feminin-vers-5","status":"publish","type":"product","link":"https:\/\/www.leslarmesderos.com\/en\/produit\/etude-de-nu-feminin-vers-5\/","title":{"rendered":"\u00c9tude de nu f\u00e9minin, vers 1890"},"content":{"rendered":"[Photographe non identifi\u00e9]\n\u00c9preuve argentique d&#8217;\u00e9poque, 9,4 x 13,4 cm.<\/p>\n","protected":false},"excerpt":{"rendered":"[Photographe non identifi\u00e9] \u00c9preuve argentique d&#8217;\u00e9poque, 9,4 x 13,4 cm.<\/p>\n","protected":false},"featured_media":3824,"template":"","meta":[],"product_cat":[75],"product_tag":[],"class_list":{"0":"post-3826","1":"product","2":"type-product","3":"status-publish","4":"has-post-thumbnail","6":"product_cat-nu-belle-epoque","8":"first","9":"instock","10":"shipping-taxable","11":"purchasable","12":"product-type-simple"},"_links":{"self":[{"href":"https:\/\/www.leslarmesderos.com\/en\/wp-json\/wp\/v2\/product\/3826","targetHints":{"allow":["GET"]}}],"collection":[{"href":"https:\/\/www.leslarmesderos.com\/en\/wp-json\/wp\/v2\/product"}],"about":[{"href":"https:\/\/www.leslarmesderos.com\/en\/wp-json\/wp\/v2\/types\/product"}],"wp:featuredmedia":[{"embeddable":true,"href":"https:\/\/www.leslarmesderos.com\/en\/wp-json\/wp\/v2\/media\/3824"}],"wp:attachment":[{"href":"https:\/\/www.leslarmesderos.com\/en\/wp-json\/wp\/v2\/media?parent=3826"}],"wp:term":[{"taxonomy":"product_cat","embeddable":true,"href":"https:\/\/www.leslarmesderos.com\/en\/wp-json\/wp\/v2\/product_cat?post=3826"},{"taxonomy":"product_tag","embeddable":true,"href":"https:\/\/www.leslarmesderos.com\/en\/wp-json\/wp\/v2\/product_tag?post=3826"}],"curies":[{"name":"wp","href":"https:\/\/api.w.org\/{rel}","templated":true}]}}