{"id":3831,"date":"2022-12-28T00:35:56","date_gmt":"2022-12-27T23:35:56","guid":{"rendered":"http:\/\/bbbweco.cluster031.hosting.ovh.net\/leslarmesderos\/produit\/memoires-dune-chanteuse-premiere-et-seule-traduction-complete-de-memoiren-einer-sengerin-altona-1862-1870-memoires-de-la-celebre-cantatrice-allemande-wilhemine-schroeder-devrient\/"},"modified":"2022-12-28T00:35:56","modified_gmt":"2022-12-27T23:35:56","slug":"memoires-dune-chanteuse-premiere-et-seule-traduction-complete-de-memoiren-einer-sengerin-altona-1862-1870-memoires-de-la-celebre-cantatrice-allemande-wilhemine-schroeder-devrient","status":"publish","type":"product","link":"https:\/\/www.leslarmesderos.com\/en\/produit\/memoires-dune-chanteuse-premiere-et-seule-traduction-complete-de-memoiren-einer-sengerin-altona-1862-1870-memoires-de-la-celebre-cantatrice-allemande-wilhemine-schroeder-devrient\/","title":{"rendered":"M\u00e9moires d\u2019une Chanteuse. Premi\u00e8re et Seule Traduction compl\u00e8te de Memoiren einer Sengerin (Altona 1862-1870) M\u00e9moires de la c\u00e9l\u00e8bre Cantatrice Allemande Wilhemine Schr\u0153der-Devrient"},"content":{"rendered":"[Attribution tr\u00e8s improbable \u00e0 Wilhelmine SCHR\u0152DER-DEVRIENT]\n[Briffaut] Hambourg. A fond de cale<br \/>\n[1913] MCMXI<br \/>\nIn-12, broch\u00e9 de 2\/266 pages.<br \/>\n\u00c9dition originale fran\u00e7aise, \u00e9tablie par Guillaume Apollinaire sur une traduction de Blaise Cendrars, qui venaient de publier chez Briffaut une \u00e9dition \u00e0 d\u00e9couvert et \u00e9dulcor\u00e9e. Pia ne nomme pas les \u00e9diteurs. Pia 901, Private Case 1145, Perceau 291, Enfer 851, Dutel 536A.<\/p>\n","protected":false},"excerpt":{"rendered":"[Attribution tr\u00e8s improbable \u00e0 Wilhelmine SCHR\u0152DER-DEVRIENT] [Briffaut] Hambourg. A fond de cale [1913] MCMXI In-12, broch\u00e9 de 2\/266 pages. \u00c9dition originale fran\u00e7aise, \u00e9tablie par Guillaume Apollinaire sur une traduction de Blaise Cendrars, qui venaient de publier chez Briffaut une \u00e9dition \u00e0 d\u00e9couvert et \u00e9dulcor\u00e9e. Pia ne nomme pas les \u00e9diteurs. Pia 901, Private Case 1145, [&#8230;]\n","protected":false},"featured_media":3827,"template":"","meta":[],"product_cat":[113],"product_tag":[],"class_list":{"0":"post-3831","1":"product","2":"type-product","3":"status-publish","4":"has-post-thumbnail","6":"product_cat-curiosa-1900","8":"first","9":"instock","10":"shipping-taxable","11":"purchasable","12":"product-type-simple"},"_links":{"self":[{"href":"https:\/\/www.leslarmesderos.com\/en\/wp-json\/wp\/v2\/product\/3831","targetHints":{"allow":["GET"]}}],"collection":[{"href":"https:\/\/www.leslarmesderos.com\/en\/wp-json\/wp\/v2\/product"}],"about":[{"href":"https:\/\/www.leslarmesderos.com\/en\/wp-json\/wp\/v2\/types\/product"}],"wp:featuredmedia":[{"embeddable":true,"href":"https:\/\/www.leslarmesderos.com\/en\/wp-json\/wp\/v2\/media\/3827"}],"wp:attachment":[{"href":"https:\/\/www.leslarmesderos.com\/en\/wp-json\/wp\/v2\/media?parent=3831"}],"wp:term":[{"taxonomy":"product_cat","embeddable":true,"href":"https:\/\/www.leslarmesderos.com\/en\/wp-json\/wp\/v2\/product_cat?post=3831"},{"taxonomy":"product_tag","embeddable":true,"href":"https:\/\/www.leslarmesderos.com\/en\/wp-json\/wp\/v2\/product_tag?post=3831"}],"curies":[{"name":"wp","href":"https:\/\/api.w.org\/{rel}","templated":true}]}}