{"id":3859,"date":"2022-12-28T00:36:00","date_gmt":"2022-12-27T23:36:00","guid":{"rendered":"http:\/\/bbbweco.cluster031.hosting.ovh.net\/leslarmesderos\/produit\/bibliotheque-roger-peyrefitte-deuxieme-partie\/"},"modified":"2022-12-30T21:51:25","modified_gmt":"2022-12-30T20:51:25","slug":"bibliotheque-roger-peyrefitte-deuxieme-partie","status":"publish","type":"product","link":"https:\/\/www.leslarmesderos.com\/en\/produit\/bibliotheque-roger-peyrefitte-deuxieme-partie\/","title":{"rendered":"Biblioth\u00e8que Roger Peyrefitte Deuxi\u00e8me partie"},"content":{"rendered":"[Marc LOLLI\u00c9E, Louis BOTHOREL]\nGuy Loudmer<br \/>\n1977<br \/>\nIn-folio cartonn\u00e9 comprenant 264 num\u00e9ros.<br \/>\nCatalogue de vente de la c\u00e9l\u00e8bre collection bibliophilique de l&#8217;\u00e9crivain Roger Peyrefitte<\/p>\n","protected":false},"excerpt":{"rendered":"[Marc LOLLI\u00c9E, Louis BOTHOREL] Guy Loudmer 1977 In-folio cartonn\u00e9 comprenant 264 num\u00e9ros. Catalogue de vente de la c\u00e9l\u00e8bre collection bibliophilique de l&#8217;\u00e9crivain Roger Peyrefitte<\/p>\n","protected":false},"featured_media":3855,"template":"","meta":[],"product_cat":[92],"product_tag":[],"class_list":{"0":"post-3859","1":"product","2":"type-product","3":"status-publish","4":"has-post-thumbnail","6":"product_cat-bibliographie","8":"first","9":"instock","10":"shipping-taxable","11":"purchasable","12":"product-type-simple"},"_links":{"self":[{"href":"https:\/\/www.leslarmesderos.com\/en\/wp-json\/wp\/v2\/product\/3859","targetHints":{"allow":["GET"]}}],"collection":[{"href":"https:\/\/www.leslarmesderos.com\/en\/wp-json\/wp\/v2\/product"}],"about":[{"href":"https:\/\/www.leslarmesderos.com\/en\/wp-json\/wp\/v2\/types\/product"}],"wp:featuredmedia":[{"embeddable":true,"href":"https:\/\/www.leslarmesderos.com\/en\/wp-json\/wp\/v2\/media\/3855"}],"wp:attachment":[{"href":"https:\/\/www.leslarmesderos.com\/en\/wp-json\/wp\/v2\/media?parent=3859"}],"wp:term":[{"taxonomy":"product_cat","embeddable":true,"href":"https:\/\/www.leslarmesderos.com\/en\/wp-json\/wp\/v2\/product_cat?post=3859"},{"taxonomy":"product_tag","embeddable":true,"href":"https:\/\/www.leslarmesderos.com\/en\/wp-json\/wp\/v2\/product_tag?post=3859"}],"curies":[{"name":"wp","href":"https:\/\/api.w.org\/{rel}","templated":true}]}}