{"id":3875,"date":"2022-12-28T00:36:02","date_gmt":"2022-12-27T23:36:02","guid":{"rendered":"http:\/\/bbbweco.cluster031.hosting.ovh.net\/leslarmesderos\/produit\/le-monialisme-histoire-galante-premiere-partie-seconde-ecrite-par-une-ex-religieuse-de-labbaye-ou-se-sont-passees-les-aventures\/"},"modified":"2022-12-28T00:36:02","modified_gmt":"2022-12-27T23:36:02","slug":"le-monialisme-histoire-galante-premiere-partie-seconde-ecrite-par-une-ex-religieuse-de-labbaye-ou-se-sont-passees-les-aventures","status":"publish","type":"product","link":"https:\/\/www.leslarmesderos.com\/en\/produit\/le-monialisme-histoire-galante-premiere-partie-seconde-ecrite-par-une-ex-religieuse-de-labbaye-ou-se-sont-passees-les-aventures\/","title":{"rendered":"Le Monialisme, histoire galante &#8211; Premi\u00e8re partie [Seconde -] \u00e9crite par une ex-religieuse de l\u2019Abbaye o\u00f9 se sont pass\u00e9es les Aventures"},"content":{"rendered":"[Photographe non identifi\u00e9]\n[Scheible, Stuttgart ?] A Rome, aux d\u00e9pens des Couvens, 1777<br \/>\nVers 1860<br \/>\n2 parties en un in-12 broch\u00e9 de 296 pages.<br \/>\nPrivate Case 1281, Hayn 383, Gay 5-112, Dutel A-710, \u201cR\u00e9imprim\u00e9 r\u00e9cemment en Allemagne\u201d selon Gay en 1872, 1858 pour Hayn, vers 1855 pour Dutel<\/p>\n","protected":false},"excerpt":{"rendered":"[Photographe non identifi\u00e9] [Scheible, Stuttgart ?] A Rome, aux d\u00e9pens des Couvens, 1777 Vers 1860 2 parties en un in-12 broch\u00e9 de 296 pages. Private Case 1281, Hayn 383, Gay 5-112, Dutel A-710, \u201cR\u00e9imprim\u00e9 r\u00e9cemment en Allemagne\u201d selon Gay en 1872, 1858 pour Hayn, vers 1855 pour Dutel<\/p>\n","protected":false},"featured_media":3871,"template":"","meta":[],"product_cat":[104],"product_tag":[],"class_list":{"0":"post-3875","1":"product","2":"type-product","3":"status-publish","4":"has-post-thumbnail","6":"product_cat-curiosa-xixe","8":"first","9":"instock","10":"shipping-taxable","11":"purchasable","12":"product-type-simple"},"_links":{"self":[{"href":"https:\/\/www.leslarmesderos.com\/en\/wp-json\/wp\/v2\/product\/3875","targetHints":{"allow":["GET"]}}],"collection":[{"href":"https:\/\/www.leslarmesderos.com\/en\/wp-json\/wp\/v2\/product"}],"about":[{"href":"https:\/\/www.leslarmesderos.com\/en\/wp-json\/wp\/v2\/types\/product"}],"wp:featuredmedia":[{"embeddable":true,"href":"https:\/\/www.leslarmesderos.com\/en\/wp-json\/wp\/v2\/media\/3871"}],"wp:attachment":[{"href":"https:\/\/www.leslarmesderos.com\/en\/wp-json\/wp\/v2\/media?parent=3875"}],"wp:term":[{"taxonomy":"product_cat","embeddable":true,"href":"https:\/\/www.leslarmesderos.com\/en\/wp-json\/wp\/v2\/product_cat?post=3875"},{"taxonomy":"product_tag","embeddable":true,"href":"https:\/\/www.leslarmesderos.com\/en\/wp-json\/wp\/v2\/product_tag?post=3875"}],"curies":[{"name":"wp","href":"https:\/\/api.w.org\/{rel}","templated":true}]}}