{"id":3880,"date":"2022-12-28T00:36:03","date_gmt":"2022-12-27T23:36:03","guid":{"rendered":""},"modified":"2022-12-28T00:36:03","modified_gmt":"2022-12-27T23:36:03","slug":"sept-petites-nouvelles-de-pierre-aretin-concernant-le-jeu-et-les-joueurs-traduites-en-francais-pour-la-premiere-fois-et-precedees-dune-etude-sur-lauteur-et-sur-divers-conteurs-italiens-par-brunet","status":"publish","type":"product","link":"https:\/\/www.leslarmesderos.com\/en\/produit\/sept-petites-nouvelles-de-pierre-aretin-concernant-le-jeu-et-les-joueurs-traduites-en-francais-pour-la-premiere-fois-et-precedees-dune-etude-sur-lauteur-et-sur-divers-conteurs-italiens-par-brunet\/","title":{"rendered":"Sept petites nouvelles de Pierre Ar\u00e9tin, concernant le jeu et les joueurs, traduites en fran\u00e7ais pour la premi\u00e8re fois et pr\u00e9c\u00e9d\u00e9es d&#8217;une Etude sur l&#8217;auteur et sur divers conteurs italiens [par Brunet]"},"content":{"rendered":"<p>Pietro ARETINO<br \/>\nJules Gay Paris<br \/>\n1861<br \/>\nIn-12 reli\u00e9 demi-percaline de 95 pages.<br \/>\nExemplaire num\u00e9rot\u00e9, portrait de l&#8217;Ar\u00e9tin en frontispice sur papier photographique. Condamn\u00e9 \u00e0 la destruction par le Tribunal correctionnel en 1863 et 1865<\/p>\n","protected":false},"excerpt":{"rendered":"<p>Pietro ARETINO Jules Gay Paris 1861 In-12 reli\u00e9 demi-percaline de 95 pages. Exemplaire num\u00e9rot\u00e9, portrait de l&#8217;Ar\u00e9tin en frontispice sur papier photographique. Condamn\u00e9 \u00e0 la destruction par le Tribunal correctionnel en 1863 et 1865<\/p>\n","protected":false},"featured_media":3876,"template":"","meta":[],"product_cat":[109],"product_tag":[],"class_list":{"0":"post-3880","1":"product","2":"type-product","3":"status-publish","4":"has-post-thumbnail","6":"product_cat-xixe-jules-gay","8":"first","9":"instock","10":"shipping-taxable","11":"purchasable","12":"product-type-simple"},"_links":{"self":[{"href":"https:\/\/www.leslarmesderos.com\/en\/wp-json\/wp\/v2\/product\/3880","targetHints":{"allow":["GET"]}}],"collection":[{"href":"https:\/\/www.leslarmesderos.com\/en\/wp-json\/wp\/v2\/product"}],"about":[{"href":"https:\/\/www.leslarmesderos.com\/en\/wp-json\/wp\/v2\/types\/product"}],"wp:featuredmedia":[{"embeddable":true,"href":"https:\/\/www.leslarmesderos.com\/en\/wp-json\/wp\/v2\/media\/3876"}],"wp:attachment":[{"href":"https:\/\/www.leslarmesderos.com\/en\/wp-json\/wp\/v2\/media?parent=3880"}],"wp:term":[{"taxonomy":"product_cat","embeddable":true,"href":"https:\/\/www.leslarmesderos.com\/en\/wp-json\/wp\/v2\/product_cat?post=3880"},{"taxonomy":"product_tag","embeddable":true,"href":"https:\/\/www.leslarmesderos.com\/en\/wp-json\/wp\/v2\/product_tag?post=3880"}],"curies":[{"name":"wp","href":"https:\/\/api.w.org\/{rel}","templated":true}]}}