{"id":3885,"date":"2022-12-28T00:36:06","date_gmt":"2022-12-27T23:36:06","guid":{"rendered":"http:\/\/bbbweco.cluster031.hosting.ovh.net\/leslarmesderos\/produit\/le-cahier-damour-les-joies-secretes\/"},"modified":"2022-12-28T00:36:06","modified_gmt":"2022-12-27T23:36:06","slug":"le-cahier-damour-les-joies-secretes","status":"publish","type":"product","link":"https:\/\/www.leslarmesderos.com\/en\/produit\/le-cahier-damour-les-joies-secretes\/","title":{"rendered":"Le Cahier d\u2019Amour. \u201c Les joies secr\u00e8tes \u201c"},"content":{"rendered":"<p>Philippe de B\u2026<br \/>\n[S. l. s. n. s. d.]\n1944<br \/>\nIn-4, 6 hors-texte et 24 in-texte en couleurs, 40 pages.\/1 f.n.ch. Illustrations de Hand<br \/>\nL&#8217;un des 1053 exemplaires num\u00e9rot\u00e9s. Pia 157, Enfer 1412, Dutel 1125\tAchev\u00e9 d\u2019imprimer en juillet 1944 et condamn\u00e9 en f\u00e9vrier 1950<\/p>\n","protected":false},"excerpt":{"rendered":"<p>Philippe de B\u2026 [S. l. s. n. s. d.] 1944 In-4, 6 hors-texte et 24 in-texte en couleurs, 40 pages.\/1 f.n.ch. Illustrations de Hand L&#8217;un des 1053 exemplaires num\u00e9rot\u00e9s. Pia 157, Enfer 1412, Dutel 1125 Achev\u00e9 d\u2019imprimer en juillet 1944 et condamn\u00e9 en f\u00e9vrier 1950<\/p>\n","protected":false},"featured_media":3881,"template":"","meta":[],"product_cat":[118],"product_tag":[],"class_list":{"0":"post-3885","1":"product","2":"type-product","3":"status-publish","4":"has-post-thumbnail","6":"product_cat-curiosa-illustres-1940","8":"first","9":"instock","10":"shipping-taxable","11":"purchasable","12":"product-type-simple"},"_links":{"self":[{"href":"https:\/\/www.leslarmesderos.com\/en\/wp-json\/wp\/v2\/product\/3885","targetHints":{"allow":["GET"]}}],"collection":[{"href":"https:\/\/www.leslarmesderos.com\/en\/wp-json\/wp\/v2\/product"}],"about":[{"href":"https:\/\/www.leslarmesderos.com\/en\/wp-json\/wp\/v2\/types\/product"}],"wp:featuredmedia":[{"embeddable":true,"href":"https:\/\/www.leslarmesderos.com\/en\/wp-json\/wp\/v2\/media\/3881"}],"wp:attachment":[{"href":"https:\/\/www.leslarmesderos.com\/en\/wp-json\/wp\/v2\/media?parent=3885"}],"wp:term":[{"taxonomy":"product_cat","embeddable":true,"href":"https:\/\/www.leslarmesderos.com\/en\/wp-json\/wp\/v2\/product_cat?post=3885"},{"taxonomy":"product_tag","embeddable":true,"href":"https:\/\/www.leslarmesderos.com\/en\/wp-json\/wp\/v2\/product_tag?post=3885"}],"curies":[{"name":"wp","href":"https:\/\/api.w.org\/{rel}","templated":true}]}}