{"id":3924,"date":"2022-12-28T00:36:12","date_gmt":"2022-12-27T23:36:12","guid":{"rendered":"http:\/\/bbbweco.cluster031.hosting.ovh.net\/leslarmesderos\/produit\/memoires-de-fanny-hill-traduit-de-langlais-par-isidore-liseux\/"},"modified":"2022-12-28T00:36:12","modified_gmt":"2022-12-27T23:36:12","slug":"memoires-de-fanny-hill-traduit-de-langlais-par-isidore-liseux","status":"publish","type":"product","link":"https:\/\/www.leslarmesderos.com\/en\/produit\/memoires-de-fanny-hill-traduit-de-langlais-par-isidore-liseux\/","title":{"rendered":"M\u00e9moires de Fanny Hill Traduit de l\u2019anglais par Isidore Liseux"},"content":{"rendered":"<p>John CLELAND<br \/>\nBruxelles<br \/>\nVers 1948<br \/>\n2 vol. in-8, 10 hors-texte en couleur de Paul-Emile B\u00e9cat, 118 et 126 pages. Chemise avec mention de titre, \u00e9tui \u00e9diteur.<br \/>\n\u00c9preuve limit\u00e9 \u00e0 550 exemplaires. Dutel 1960<\/p>\n","protected":false},"excerpt":{"rendered":"<p>John CLELAND Bruxelles Vers 1948 2 vol. in-8, 10 hors-texte en couleur de Paul-Emile B\u00e9cat, 118 et 126 pages. Chemise avec mention de titre, \u00e9tui \u00e9diteur. \u00c9preuve limit\u00e9 \u00e0 550 exemplaires. Dutel 1960<\/p>\n","protected":false},"featured_media":3920,"template":"","meta":[],"product_cat":[118],"product_tag":[],"class_list":{"0":"post-3924","1":"product","2":"type-product","3":"status-publish","4":"has-post-thumbnail","6":"product_cat-curiosa-illustres-1940","8":"first","9":"instock","10":"shipping-taxable","11":"purchasable","12":"product-type-simple"},"_links":{"self":[{"href":"https:\/\/www.leslarmesderos.com\/en\/wp-json\/wp\/v2\/product\/3924","targetHints":{"allow":["GET"]}}],"collection":[{"href":"https:\/\/www.leslarmesderos.com\/en\/wp-json\/wp\/v2\/product"}],"about":[{"href":"https:\/\/www.leslarmesderos.com\/en\/wp-json\/wp\/v2\/types\/product"}],"wp:featuredmedia":[{"embeddable":true,"href":"https:\/\/www.leslarmesderos.com\/en\/wp-json\/wp\/v2\/media\/3920"}],"wp:attachment":[{"href":"https:\/\/www.leslarmesderos.com\/en\/wp-json\/wp\/v2\/media?parent=3924"}],"wp:term":[{"taxonomy":"product_cat","embeddable":true,"href":"https:\/\/www.leslarmesderos.com\/en\/wp-json\/wp\/v2\/product_cat?post=3924"},{"taxonomy":"product_tag","embeddable":true,"href":"https:\/\/www.leslarmesderos.com\/en\/wp-json\/wp\/v2\/product_tag?post=3924"}],"curies":[{"name":"wp","href":"https:\/\/api.w.org\/{rel}","templated":true}]}}