{"id":3949,"date":"2022-12-28T00:36:16","date_gmt":"2022-12-27T23:36:16","guid":{"rendered":"http:\/\/bbbweco.cluster031.hosting.ovh.net\/leslarmesderos\/produit\/le-roman-de-violette\/"},"modified":"2022-12-28T00:36:16","modified_gmt":"2022-12-27T23:36:16","slug":"le-roman-de-violette","status":"publish","type":"product","link":"https:\/\/www.leslarmesderos.com\/en\/produit\/le-roman-de-violette\/","title":{"rendered":"Le Roman de Violette"},"content":{"rendered":"[Marquise de MANNOURY d&#8217;ETCOT]\nA la Royne de Cyth\u00e8re, Sodome.<br \/>\n1920<br \/>\nIn-8 de VIII\/197 pages. Frontispice, vignette et 39 illustrations in-texte rehauss\u00e9s en couleur par Charles Edelmann sous le pseudonyme de Ch\u00e9ripoulos<br \/>\nL&#8217;un des 275 exemplaires sur papier de Hollande sur les 305 num\u00e9rot\u00e9s. Pia 1283, Enfer 1075, Perceau 58-5, Dutel 2339<\/p>\n","protected":false},"excerpt":{"rendered":"[Marquise de MANNOURY d&#8217;ETCOT] A la Royne de Cyth\u00e8re, Sodome. 1920 In-8 de VIII\/197 pages. Frontispice, vignette et 39 illustrations in-texte rehauss\u00e9s en couleur par Charles Edelmann sous le pseudonyme de Ch\u00e9ripoulos L&#8217;un des 275 exemplaires sur papier de Hollande sur les 305 num\u00e9rot\u00e9s. Pia 1283, Enfer 1075, Perceau 58-5, Dutel 2339<\/p>\n","protected":false},"featured_media":3945,"template":"","meta":[],"product_cat":[119],"product_tag":[],"class_list":{"0":"post-3949","1":"product","2":"type-product","3":"status-publish","4":"has-post-thumbnail","6":"product_cat-curiosa-illustres-1920","8":"first","9":"instock","10":"shipping-taxable","11":"purchasable","12":"product-type-simple"},"_links":{"self":[{"href":"https:\/\/www.leslarmesderos.com\/en\/wp-json\/wp\/v2\/product\/3949","targetHints":{"allow":["GET"]}}],"collection":[{"href":"https:\/\/www.leslarmesderos.com\/en\/wp-json\/wp\/v2\/product"}],"about":[{"href":"https:\/\/www.leslarmesderos.com\/en\/wp-json\/wp\/v2\/types\/product"}],"wp:featuredmedia":[{"embeddable":true,"href":"https:\/\/www.leslarmesderos.com\/en\/wp-json\/wp\/v2\/media\/3945"}],"wp:attachment":[{"href":"https:\/\/www.leslarmesderos.com\/en\/wp-json\/wp\/v2\/media?parent=3949"}],"wp:term":[{"taxonomy":"product_cat","embeddable":true,"href":"https:\/\/www.leslarmesderos.com\/en\/wp-json\/wp\/v2\/product_cat?post=3949"},{"taxonomy":"product_tag","embeddable":true,"href":"https:\/\/www.leslarmesderos.com\/en\/wp-json\/wp\/v2\/product_tag?post=3949"}],"curies":[{"name":"wp","href":"https:\/\/api.w.org\/{rel}","templated":true}]}}