{"id":3958,"date":"2022-12-28T00:36:17","date_gmt":"2022-12-27T23:36:17","guid":{"rendered":"http:\/\/bbbweco.cluster031.hosting.ovh.net\/leslarmesderos\/produit\/etude-de-nu-feminin-vers-8\/"},"modified":"2022-12-28T20:28:55","modified_gmt":"2022-12-28T19:28:55","slug":"etude-de-nu-feminin-vers-8","status":"publish","type":"product","link":"https:\/\/www.leslarmesderos.com\/en\/produit\/etude-de-nu-feminin-vers-8\/","title":{"rendered":"\u00c9tude de nus, vers 1925"},"content":{"rendered":"[Photographe non identifi\u00e9]\n1920<br \/>\n\u00c9preuve argentique d&#8217;\u00e9poque, 11,5 x 16 cm cm.<\/p>\n","protected":false},"excerpt":{"rendered":"[Photographe non identifi\u00e9] 1920 \u00c9preuve argentique d&#8217;\u00e9poque, 11,5 x 16 cm cm.<\/p>\n","protected":false},"featured_media":3956,"template":"","meta":[],"product_cat":[110],"product_tag":[],"class_list":{"0":"post-3958","1":"product","2":"type-product","3":"status-publish","4":"has-post-thumbnail","6":"product_cat-enfer","8":"first","9":"instock","10":"shipping-taxable","11":"purchasable","12":"product-type-simple"},"_links":{"self":[{"href":"https:\/\/www.leslarmesderos.com\/en\/wp-json\/wp\/v2\/product\/3958","targetHints":{"allow":["GET"]}}],"collection":[{"href":"https:\/\/www.leslarmesderos.com\/en\/wp-json\/wp\/v2\/product"}],"about":[{"href":"https:\/\/www.leslarmesderos.com\/en\/wp-json\/wp\/v2\/types\/product"}],"wp:featuredmedia":[{"embeddable":true,"href":"https:\/\/www.leslarmesderos.com\/en\/wp-json\/wp\/v2\/media\/3956"}],"wp:attachment":[{"href":"https:\/\/www.leslarmesderos.com\/en\/wp-json\/wp\/v2\/media?parent=3958"}],"wp:term":[{"taxonomy":"product_cat","embeddable":true,"href":"https:\/\/www.leslarmesderos.com\/en\/wp-json\/wp\/v2\/product_cat?post=3958"},{"taxonomy":"product_tag","embeddable":true,"href":"https:\/\/www.leslarmesderos.com\/en\/wp-json\/wp\/v2\/product_tag?post=3958"}],"curies":[{"name":"wp","href":"https:\/\/api.w.org\/{rel}","templated":true}]}}