{"id":3961,"date":"2022-12-28T00:36:18","date_gmt":"2022-12-27T23:36:18","guid":{"rendered":"http:\/\/bbbweco.cluster031.hosting.ovh.net\/leslarmesderos\/produit\/etude-de-nu-feminin-vers-1930-4\/"},"modified":"2022-12-28T00:36:18","modified_gmt":"2022-12-27T23:36:18","slug":"etude-de-nu-feminin-vers-1930-4","status":"publish","type":"product","link":"https:\/\/www.leslarmesderos.com\/en\/produit\/etude-de-nu-feminin-vers-1930-4\/","title":{"rendered":"\u00c9tude de nu f\u00e9minin, vers 1930."},"content":{"rendered":"<p>Yva RICHARD<br \/>\n\u00c9preuve argentique d&#8217;\u00e9poque, 11,5 x 13,7 cm. Cachet carr\u00e9 au dos YR PARIS, Reproduction interdite.<\/p>\n","protected":false},"excerpt":{"rendered":"<p>Yva RICHARD \u00c9preuve argentique d&#8217;\u00e9poque, 11,5 x 13,7 cm. Cachet carr\u00e9 au dos YR PARIS, Reproduction interdite.<\/p>\n","protected":false},"featured_media":3959,"template":"","meta":[],"product_cat":[82],"product_tag":[],"class_list":{"0":"post-3961","1":"product","2":"type-product","3":"status-publish","4":"has-post-thumbnail","6":"product_cat-yva-richard","8":"first","9":"instock","10":"shipping-taxable","11":"purchasable","12":"product-type-simple"},"_links":{"self":[{"href":"https:\/\/www.leslarmesderos.com\/en\/wp-json\/wp\/v2\/product\/3961","targetHints":{"allow":["GET"]}}],"collection":[{"href":"https:\/\/www.leslarmesderos.com\/en\/wp-json\/wp\/v2\/product"}],"about":[{"href":"https:\/\/www.leslarmesderos.com\/en\/wp-json\/wp\/v2\/types\/product"}],"wp:featuredmedia":[{"embeddable":true,"href":"https:\/\/www.leslarmesderos.com\/en\/wp-json\/wp\/v2\/media\/3959"}],"wp:attachment":[{"href":"https:\/\/www.leslarmesderos.com\/en\/wp-json\/wp\/v2\/media?parent=3961"}],"wp:term":[{"taxonomy":"product_cat","embeddable":true,"href":"https:\/\/www.leslarmesderos.com\/en\/wp-json\/wp\/v2\/product_cat?post=3961"},{"taxonomy":"product_tag","embeddable":true,"href":"https:\/\/www.leslarmesderos.com\/en\/wp-json\/wp\/v2\/product_tag?post=3961"}],"curies":[{"name":"wp","href":"https:\/\/api.w.org\/{rel}","templated":true}]}}