{"id":4029,"date":"2022-12-28T00:36:33","date_gmt":"2022-12-27T23:36:33","guid":{"rendered":"http:\/\/bbbweco.cluster031.hosting.ovh.net\/leslarmesderos\/produit\/trois-petites-filles-dans-la-rue\/"},"modified":"2022-12-28T00:36:33","modified_gmt":"2022-12-27T23:36:33","slug":"trois-petites-filles-dans-la-rue","status":"publish","type":"product","link":"https:\/\/www.leslarmesderos.com\/en\/produit\/trois-petites-filles-dans-la-rue\/","title":{"rendered":"Trois petites filles dans la rue."},"content":{"rendered":"<p>Andr\u00e9 WARNOD<br \/>\n\u00c9dition de la fanfare de Montparnasse.<br \/>\n1925<br \/>\nIn-8 broch\u00e9 de 66 pages. 35 illustrations en couleurs, dont 4 en double page et un frontispice de Julius Mordecai Pincas dit Jules Pascin. Couverture rempli\u00e9e rose.<br \/>\nEdition originale de cet ouvrage d&#8217;Andr\u00e9 Warnod (1885-1960), illustr\u00e9 par Julius Mordecai Pincas dit Jules Pascin (1885-1930). Couverture tach\u00e9e, quelques petits manques au dos. \u00c9preuve limit\u00e9 \u00e0 710 exemplaires.<\/p>\n","protected":false},"excerpt":{"rendered":"<p>Andr\u00e9 WARNOD \u00c9dition de la fanfare de Montparnasse. 1925 In-8 broch\u00e9 de 66 pages. 35 illustrations en couleurs, dont 4 en double page et un frontispice de Julius Mordecai Pincas dit Jules Pascin. Couverture rempli\u00e9e rose. Edition originale de cet ouvrage d&#8217;Andr\u00e9 Warnod (1885-1960), illustr\u00e9 par Julius Mordecai Pincas dit Jules Pascin (1885-1930). Couverture tach\u00e9e, [&#8230;]\n","protected":false},"featured_media":4025,"template":"","meta":[],"product_cat":[105],"product_tag":[],"class_list":{"0":"post-4029","1":"product","2":"type-product","3":"status-publish","4":"has-post-thumbnail","6":"product_cat-illustres-modernes","8":"first","9":"instock","10":"shipping-taxable","11":"purchasable","12":"product-type-simple"},"_links":{"self":[{"href":"https:\/\/www.leslarmesderos.com\/en\/wp-json\/wp\/v2\/product\/4029","targetHints":{"allow":["GET"]}}],"collection":[{"href":"https:\/\/www.leslarmesderos.com\/en\/wp-json\/wp\/v2\/product"}],"about":[{"href":"https:\/\/www.leslarmesderos.com\/en\/wp-json\/wp\/v2\/types\/product"}],"wp:featuredmedia":[{"embeddable":true,"href":"https:\/\/www.leslarmesderos.com\/en\/wp-json\/wp\/v2\/media\/4025"}],"wp:attachment":[{"href":"https:\/\/www.leslarmesderos.com\/en\/wp-json\/wp\/v2\/media?parent=4029"}],"wp:term":[{"taxonomy":"product_cat","embeddable":true,"href":"https:\/\/www.leslarmesderos.com\/en\/wp-json\/wp\/v2\/product_cat?post=4029"},{"taxonomy":"product_tag","embeddable":true,"href":"https:\/\/www.leslarmesderos.com\/en\/wp-json\/wp\/v2\/product_tag?post=4029"}],"curies":[{"name":"wp","href":"https:\/\/api.w.org\/{rel}","templated":true}]}}