{"id":4146,"date":"2022-12-28T00:36:54","date_gmt":"2022-12-27T23:36:54","guid":{"rendered":"http:\/\/bbbweco.cluster031.hosting.ovh.net\/leslarmesderos\/produit\/etude-de-nu-feminin-7\/"},"modified":"2022-12-28T19:49:58","modified_gmt":"2022-12-28T18:49:58","slug":"etude-de-nu-feminin-7","status":"publish","type":"product","link":"https:\/\/www.leslarmesderos.com\/en\/produit\/etude-de-nu-feminin-7\/","title":{"rendered":"\u00c9tude de nus, vers 1925"},"content":{"rendered":"[Photographe non identifi\u00e9]\n\u00c9preuve argentique d&#8217;\u00e9poque, 12 x 18 cm.<\/p>\n","protected":false},"excerpt":{"rendered":"[Photographe non identifi\u00e9] \u00c9preuve argentique d&#8217;\u00e9poque, 12 x 18 cm.<\/p>\n","protected":false},"featured_media":4144,"template":"","meta":[],"product_cat":[93],"product_tag":[],"class_list":{"0":"post-4146","1":"product","2":"type-product","3":"status-publish","4":"has-post-thumbnail","6":"product_cat-nu-annees-30","8":"first","9":"instock","10":"shipping-taxable","11":"purchasable","12":"product-type-simple"},"_links":{"self":[{"href":"https:\/\/www.leslarmesderos.com\/en\/wp-json\/wp\/v2\/product\/4146","targetHints":{"allow":["GET"]}}],"collection":[{"href":"https:\/\/www.leslarmesderos.com\/en\/wp-json\/wp\/v2\/product"}],"about":[{"href":"https:\/\/www.leslarmesderos.com\/en\/wp-json\/wp\/v2\/types\/product"}],"wp:featuredmedia":[{"embeddable":true,"href":"https:\/\/www.leslarmesderos.com\/en\/wp-json\/wp\/v2\/media\/4144"}],"wp:attachment":[{"href":"https:\/\/www.leslarmesderos.com\/en\/wp-json\/wp\/v2\/media?parent=4146"}],"wp:term":[{"taxonomy":"product_cat","embeddable":true,"href":"https:\/\/www.leslarmesderos.com\/en\/wp-json\/wp\/v2\/product_cat?post=4146"},{"taxonomy":"product_tag","embeddable":true,"href":"https:\/\/www.leslarmesderos.com\/en\/wp-json\/wp\/v2\/product_tag?post=4146"}],"curies":[{"name":"wp","href":"https:\/\/api.w.org\/{rel}","templated":true}]}}