{"id":4257,"date":"2022-12-28T00:37:16","date_gmt":"2022-12-27T23:37:16","guid":{"rendered":"http:\/\/bbbweco.cluster031.hosting.ovh.net\/leslarmesderos\/produit\/photographe-non-identifie-2\/"},"modified":"2022-12-28T20:30:41","modified_gmt":"2022-12-28T19:30:41","slug":"photographe-non-identifie-2","status":"publish","type":"product","link":"https:\/\/www.leslarmesderos.com\/en\/produit\/photographe-non-identifie-2\/","title":{"rendered":"\u00c9tude de nus, vers 1925"},"content":{"rendered":"[Photographe non identifi\u00e9]\n\u00c9preuve argentique d&#8217;\u00e9poque, 15 x 10,5 cm.<\/p>\n","protected":false},"excerpt":{"rendered":"[Photographe non identifi\u00e9] \u00c9preuve argentique d&#8217;\u00e9poque, 15 x 10,5 cm.<\/p>\n","protected":false},"featured_media":4255,"template":"","meta":[],"product_cat":[110],"product_tag":[],"class_list":{"0":"post-4257","1":"product","2":"type-product","3":"status-publish","4":"has-post-thumbnail","6":"product_cat-enfer","8":"first","9":"instock","10":"shipping-taxable","11":"purchasable","12":"product-type-simple"},"_links":{"self":[{"href":"https:\/\/www.leslarmesderos.com\/en\/wp-json\/wp\/v2\/product\/4257","targetHints":{"allow":["GET"]}}],"collection":[{"href":"https:\/\/www.leslarmesderos.com\/en\/wp-json\/wp\/v2\/product"}],"about":[{"href":"https:\/\/www.leslarmesderos.com\/en\/wp-json\/wp\/v2\/types\/product"}],"wp:featuredmedia":[{"embeddable":true,"href":"https:\/\/www.leslarmesderos.com\/en\/wp-json\/wp\/v2\/media\/4255"}],"wp:attachment":[{"href":"https:\/\/www.leslarmesderos.com\/en\/wp-json\/wp\/v2\/media?parent=4257"}],"wp:term":[{"taxonomy":"product_cat","embeddable":true,"href":"https:\/\/www.leslarmesderos.com\/en\/wp-json\/wp\/v2\/product_cat?post=4257"},{"taxonomy":"product_tag","embeddable":true,"href":"https:\/\/www.leslarmesderos.com\/en\/wp-json\/wp\/v2\/product_tag?post=4257"}],"curies":[{"name":"wp","href":"https:\/\/api.w.org\/{rel}","templated":true}]}}