{"id":4316,"date":"2022-12-28T00:37:26","date_gmt":"2022-12-27T23:37:26","guid":{"rendered":"http:\/\/bbbweco.cluster031.hosting.ovh.net\/leslarmesderos\/produit\/etude-de-nu-feminin-vers-1895-25\/"},"modified":"2022-12-28T00:37:26","modified_gmt":"2022-12-27T23:37:26","slug":"etude-de-nu-feminin-vers-1895-25","status":"publish","type":"product","link":"https:\/\/www.leslarmesderos.com\/en\/produit\/etude-de-nu-feminin-vers-1895-25\/","title":{"rendered":"\u00c9tude de nu f\u00e9minin, vers 1895."},"content":{"rendered":"[Photographe non identifi\u00e9]\n\u00c9preuve argentique d&#8217;\u00e9poque, 9,3 x 13,5 cm, num\u00e9rot\u00e9e 642.<\/p>\n","protected":false},"excerpt":{"rendered":"[Photographe non identifi\u00e9] \u00c9preuve argentique d&#8217;\u00e9poque, 9,3 x 13,5 cm, num\u00e9rot\u00e9e 642.<\/p>\n","protected":false},"featured_media":4314,"template":"","meta":[],"product_cat":[85],"product_tag":[],"class_list":{"0":"post-4316","1":"product","2":"type-product","3":"status-publish","4":"has-post-thumbnail","6":"product_cat-nu-xixe-siecle","8":"first","9":"instock","10":"shipping-taxable","11":"purchasable","12":"product-type-simple"},"_links":{"self":[{"href":"https:\/\/www.leslarmesderos.com\/en\/wp-json\/wp\/v2\/product\/4316","targetHints":{"allow":["GET"]}}],"collection":[{"href":"https:\/\/www.leslarmesderos.com\/en\/wp-json\/wp\/v2\/product"}],"about":[{"href":"https:\/\/www.leslarmesderos.com\/en\/wp-json\/wp\/v2\/types\/product"}],"wp:featuredmedia":[{"embeddable":true,"href":"https:\/\/www.leslarmesderos.com\/en\/wp-json\/wp\/v2\/media\/4314"}],"wp:attachment":[{"href":"https:\/\/www.leslarmesderos.com\/en\/wp-json\/wp\/v2\/media?parent=4316"}],"wp:term":[{"taxonomy":"product_cat","embeddable":true,"href":"https:\/\/www.leslarmesderos.com\/en\/wp-json\/wp\/v2\/product_cat?post=4316"},{"taxonomy":"product_tag","embeddable":true,"href":"https:\/\/www.leslarmesderos.com\/en\/wp-json\/wp\/v2\/product_tag?post=4316"}],"curies":[{"name":"wp","href":"https:\/\/api.w.org\/{rel}","templated":true}]}}