{"id":4448,"date":"2022-12-30T11:29:57","date_gmt":"2022-12-30T10:29:57","guid":{"rendered":"https:\/\/www.leslarmesderos.com\/?post_type=product&#038;p=4448"},"modified":"2022-12-30T17:08:12","modified_gmt":"2022-12-30T16:08:12","slug":"henri-cantel-felicien-rops-amours-et-priapees-sonnets","status":"publish","type":"product","link":"https:\/\/www.leslarmesderos.com\/en\/produit\/henri-cantel-felicien-rops-amours-et-priapees-sonnets\/","title":{"rendered":"Henri CANTEL &#8211; F\u00e9licien ROPS. Amours et priap\u00e9es, sonnets."},"content":{"rendered":"<p>Lampsaque, MDCCCLXIX [A. Poulet-Malassis, 1869]. In-4 de 4 ff.n.ch., 144 pages, demi-chagrin rouge \u00e0 coins, dos \u00e0 nerfs orn\u00e9, filets dor\u00e9s sur les mors, t\u00eate dor\u00e9e, tranches naturelles (reliure de l\u2019\u00e9poque). \u00c9dition originale. Illustr\u00e9 d\u2019un frontispice original de F\u00e9licien Rops. Tirage limit\u00e9 \u00e0 152 ex. Si Gay indique que les sonnets sont bien \u00e9crits, il ne cite ni Rops ni Poulet-Malassis. Bibliographie : Pia 49, PC 328, Launay 343, Gay 1-208, Lem 1-178, Enfer 1356, G* 74 (40 frs), Dutel A-67.<\/p>\n","protected":false},"excerpt":{"rendered":"<p>Lampsaque, MDCCCLXIX [A. Poulet-Malassis, 1869]. In-4 de 4 ff.n.ch., 144 pages, demi-chagrin rouge \u00e0 coins, dos \u00e0 nerfs orn\u00e9, filets dor\u00e9s sur les mors, t\u00eate dor\u00e9e, tranches naturelles (reliure de l\u2019\u00e9poque). \u00c9dition originale. Illustr\u00e9 d\u2019un frontispice original de F\u00e9licien Rops. Tirage limit\u00e9 \u00e0 152 ex. Si Gay indique que les sonnets sont bien \u00e9crits, il [&#8230;]\n","protected":false},"featured_media":4449,"template":"","meta":[],"product_cat":[207,205],"product_tag":[],"class_list":{"0":"post-4448","1":"product","2":"type-product","3":"status-publish","4":"has-post-thumbnail","6":"product_cat-poulet-malassis","7":"product_cat-curiosa","9":"first","10":"instock","11":"shipping-taxable","12":"purchasable","13":"product-type-simple"},"_links":{"self":[{"href":"https:\/\/www.leslarmesderos.com\/en\/wp-json\/wp\/v2\/product\/4448","targetHints":{"allow":["GET"]}}],"collection":[{"href":"https:\/\/www.leslarmesderos.com\/en\/wp-json\/wp\/v2\/product"}],"about":[{"href":"https:\/\/www.leslarmesderos.com\/en\/wp-json\/wp\/v2\/types\/product"}],"wp:featuredmedia":[{"embeddable":true,"href":"https:\/\/www.leslarmesderos.com\/en\/wp-json\/wp\/v2\/media\/4449"}],"wp:attachment":[{"href":"https:\/\/www.leslarmesderos.com\/en\/wp-json\/wp\/v2\/media?parent=4448"}],"wp:term":[{"taxonomy":"product_cat","embeddable":true,"href":"https:\/\/www.leslarmesderos.com\/en\/wp-json\/wp\/v2\/product_cat?post=4448"},{"taxonomy":"product_tag","embeddable":true,"href":"https:\/\/www.leslarmesderos.com\/en\/wp-json\/wp\/v2\/product_tag?post=4448"}],"curies":[{"name":"wp","href":"https:\/\/api.w.org\/{rel}","templated":true}]}}