{"id":4568,"date":"2022-12-31T15:16:22","date_gmt":"2022-12-31T14:16:22","guid":{"rendered":"https:\/\/www.leslarmesderos.com\/produit\/andra-de-nerciat-contes-nouveaux-prcds-d_une-note-bio-bibliographique\/"},"modified":"2022-12-31T15:23:13","modified_gmt":"2022-12-31T14:23:13","slug":"andra-de-nerciat-contes-nouveaux-prcds-d_une-note-bio-bibliographique","status":"publish","type":"product","link":"https:\/\/www.leslarmesderos.com\/en\/produit\/andra-de-nerciat-contes-nouveaux-prcds-d_une-note-bio-bibliographique\/","title":{"rendered":"ANDR\u00c9A de NERCIAT. Contes Nouveaux, pr\u00e9c\u00e9d\u00e9s d&#8217;une note bio-bibliographique."},"content":{"rendered":"[A. Poulet-Malassis, 1867] Li\u00e9ge, M DCC LXXVII-M DCCC LXVII. In-8 ff.n.ch., viii, 118 pages, 1 f. de table, demi-chagrin rouge, dos \u00e0 nerfs, t\u00eate et tranches naturelles (reliure ancienne). lllustr\u00e9 d&#8217;un portrait imagin\u00e9 par Bracquemont, faux-vrai portrait qui fut repris comme authentique par Vital Puissant. Bibliographie : Pia 261, PC 045, Lau 329, Gay 2-334, G* 411 (40 frs). [PM8]\n","protected":false},"excerpt":{"rendered":"[A. Poulet-Malassis, 1867] Li\u00e9ge, M DCC LXXVII-M DCCC LXVII. In-8 ff.n.ch., viii, 118 pages, 1 f. de table, demi-chagrin rouge, dos \u00e0 nerfs, t\u00eate et tranches naturelles (reliure ancienne). lllustr\u00e9 d&#8217;un portrait imagin\u00e9 par Bracquemont, faux-vrai portrait qui fut repris comme authentique par Vital Puissant. Bibliographie : Pia 261, PC 045, Lau 329, Gay 2-334, [&#8230;]\n","protected":false},"featured_media":4566,"template":"","meta":[],"product_cat":[207],"product_tag":[],"class_list":{"0":"post-4568","1":"product","2":"type-product","3":"status-publish","4":"has-post-thumbnail","6":"product_cat-poulet-malassis","8":"first","9":"instock","10":"shipping-taxable","11":"purchasable","12":"product-type-simple"},"_links":{"self":[{"href":"https:\/\/www.leslarmesderos.com\/en\/wp-json\/wp\/v2\/product\/4568","targetHints":{"allow":["GET"]}}],"collection":[{"href":"https:\/\/www.leslarmesderos.com\/en\/wp-json\/wp\/v2\/product"}],"about":[{"href":"https:\/\/www.leslarmesderos.com\/en\/wp-json\/wp\/v2\/types\/product"}],"wp:featuredmedia":[{"embeddable":true,"href":"https:\/\/www.leslarmesderos.com\/en\/wp-json\/wp\/v2\/media\/4566"}],"wp:attachment":[{"href":"https:\/\/www.leslarmesderos.com\/en\/wp-json\/wp\/v2\/media?parent=4568"}],"wp:term":[{"taxonomy":"product_cat","embeddable":true,"href":"https:\/\/www.leslarmesderos.com\/en\/wp-json\/wp\/v2\/product_cat?post=4568"},{"taxonomy":"product_tag","embeddable":true,"href":"https:\/\/www.leslarmesderos.com\/en\/wp-json\/wp\/v2\/product_tag?post=4568"}],"curies":[{"name":"wp","href":"https:\/\/api.w.org\/{rel}","templated":true}]}}