{"id":4571,"date":"2022-12-31T15:16:31","date_gmt":"2022-12-31T14:16:31","guid":{"rendered":"https:\/\/www.leslarmesderos.com\/produit\/albert-glatigny-la-sultane-rozra-ballade-traduite-de-lord-byron-par-xupre-pinemol-lve-du-petit-sminaire-de-la-fre-en-tardenois-aisne\/"},"modified":"2022-12-31T17:31:55","modified_gmt":"2022-12-31T16:31:55","slug":"albert-glatigny-la-sultane-rozra-ballade-traduite-de-lord-byron-par-xupre-pinemol-lve-du-petit-sminaire-de-la-fre-en-tardenois-aisne","status":"publish","type":"product","link":"https:\/\/www.leslarmesderos.com\/en\/produit\/albert-glatigny-la-sultane-rozra-ballade-traduite-de-lord-byron-par-xupre-pinemol-lve-du-petit-sminaire-de-la-fre-en-tardenois-aisne\/","title":{"rendered":"[Albert GLATIGNY]. La Sultane Rozr\u00e9a, ballade traduite de Lord Byron par Exup\u00e8re Pinemol, \u00e9l\u00e8ve du petit s\u00e9minaire de la F\u00e8re-en-Tardenois (Aisne)."},"content":{"rendered":"<p>Paris, M DCCC LXX [A. Poulet-Malassis, Bruxelles, 1870]. In-8 de 16 pages, demi-maroquin bleu roi \u00e0 coins, dos \u00e0 nerfs d\u00e9cor\u00e9 de caissons \u00e0 double filet dor\u00e9 encadrant un fleuron dor\u00e9, filet dor\u00e9 sur les plats, t\u00eate dor\u00e9e, avec les premiers et derniers feuillets invers\u00e9s par le relieur (Pagnant). \u00c9dition originale. Dans sa bibliographie publi\u00e9e en 1873, Gay ne d?signe pas Poulet-Malassis, mais uniquement Glatigny. Bibliographie : PC 810, Launay 350, Gay 6-300, Lemonnyer 3-1157, Dutel A-1036, pas \u00e0 l&#8217;Enfer de la BnF. [PM14]\n","protected":false},"excerpt":{"rendered":"<p>Paris, M DCCC LXX [A. Poulet-Malassis, Bruxelles, 1870]. In-8 de 16 pages, demi-maroquin bleu roi \u00e0 coins, dos \u00e0 nerfs d\u00e9cor\u00e9 de caissons \u00e0 double filet dor\u00e9 encadrant un fleuron dor\u00e9, filet dor\u00e9 sur les plats, t\u00eate dor\u00e9e, avec les premiers et derniers feuillets invers\u00e9s par le relieur (Pagnant). \u00c9dition originale. Dans sa bibliographie publi\u00e9e [&#8230;]\n","protected":false},"featured_media":4569,"template":"","meta":[],"product_cat":[207],"product_tag":[],"class_list":{"0":"post-4571","1":"product","2":"type-product","3":"status-publish","4":"has-post-thumbnail","6":"product_cat-poulet-malassis","8":"first","9":"instock","10":"shipping-taxable","11":"purchasable","12":"product-type-simple"},"_links":{"self":[{"href":"https:\/\/www.leslarmesderos.com\/en\/wp-json\/wp\/v2\/product\/4571","targetHints":{"allow":["GET"]}}],"collection":[{"href":"https:\/\/www.leslarmesderos.com\/en\/wp-json\/wp\/v2\/product"}],"about":[{"href":"https:\/\/www.leslarmesderos.com\/en\/wp-json\/wp\/v2\/types\/product"}],"wp:featuredmedia":[{"embeddable":true,"href":"https:\/\/www.leslarmesderos.com\/en\/wp-json\/wp\/v2\/media\/4569"}],"wp:attachment":[{"href":"https:\/\/www.leslarmesderos.com\/en\/wp-json\/wp\/v2\/media?parent=4571"}],"wp:term":[{"taxonomy":"product_cat","embeddable":true,"href":"https:\/\/www.leslarmesderos.com\/en\/wp-json\/wp\/v2\/product_cat?post=4571"},{"taxonomy":"product_tag","embeddable":true,"href":"https:\/\/www.leslarmesderos.com\/en\/wp-json\/wp\/v2\/product_tag?post=4571"}],"curies":[{"name":"wp","href":"https:\/\/api.w.org\/{rel}","templated":true}]}}