{"id":4580,"date":"2022-12-31T17:57:48","date_gmt":"2022-12-31T16:57:48","guid":{"rendered":"https:\/\/www.leslarmesderos.com\/produit\/flicien-rops-lart-priapique-parodie-des-deux-premiers-chants-de-lart-potique-par-un-octognaire\/"},"modified":"2022-12-31T18:05:42","modified_gmt":"2022-12-31T17:05:42","slug":"flicien-rops-lart-priapique-parodie-des-deux-premiers-chants-de-lart-potique-par-un-octognaire","status":"publish","type":"product","link":"https:\/\/www.leslarmesderos.com\/en\/produit\/flicien-rops-lart-priapique-parodie-des-deux-premiers-chants-de-lart-potique-par-un-octognaire\/","title":{"rendered":"[F\u00e9licien ROPS]. L&#8217;Art priapique, parodie des deux premiers chants de L&#8217;Art po\u00e9tique par un octog\u00e9naire."},"content":{"rendered":"<p>Namur, ? l?enseigne de Boileau Dindonn?, M DCCC LXIV [A. Poulet-Malassis, 1864]. In-8 de 2 ff.n.ch., xi, 37 pages, demi-chagrin vert ? coins, dos ? nerfs, t?te dor?e, tranches naturelles (reliure de l??poque). ?dition originale. Frontispice original de F?licien Rops. Tirage limit? ? 162 ex. L?un des 150 ex. sur papier verg? (n? 131), num?rot? ? la plume. Condamn? le 12 mai 1865. Bibliographie : Pia 97, PC 147, Enfer 893, Launay, G* 166, Pey 29, Dutel A-121. [PM12]\n","protected":false},"excerpt":{"rendered":"<p>Namur, ? l?enseigne de Boileau Dindonn?, M DCCC LXIV [A. Poulet-Malassis, 1864]. In-8 de 2 ff.n.ch., xi, 37 pages, demi-chagrin vert ? coins, dos ? nerfs, t?te dor?e, tranches naturelles (reliure de l??poque). ?dition originale. Frontispice original de F?licien Rops. Tirage limit? ? 162 ex. L?un des 150 ex. sur papier verg? (n? 131), num?rot? [&#8230;]\n","protected":false},"featured_media":4560,"template":"","meta":[],"product_cat":[207,71],"product_tag":[],"class_list":{"0":"post-4580","1":"product","2":"type-product","3":"status-publish","4":"has-post-thumbnail","6":"product_cat-poulet-malassis","7":"product_cat-livres","9":"first","10":"instock","11":"shipping-taxable","12":"purchasable","13":"product-type-simple"},"_links":{"self":[{"href":"https:\/\/www.leslarmesderos.com\/en\/wp-json\/wp\/v2\/product\/4580","targetHints":{"allow":["GET"]}}],"collection":[{"href":"https:\/\/www.leslarmesderos.com\/en\/wp-json\/wp\/v2\/product"}],"about":[{"href":"https:\/\/www.leslarmesderos.com\/en\/wp-json\/wp\/v2\/types\/product"}],"wp:featuredmedia":[{"embeddable":true,"href":"https:\/\/www.leslarmesderos.com\/en\/wp-json\/wp\/v2\/media\/4560"}],"wp:attachment":[{"href":"https:\/\/www.leslarmesderos.com\/en\/wp-json\/wp\/v2\/media?parent=4580"}],"wp:term":[{"taxonomy":"product_cat","embeddable":true,"href":"https:\/\/www.leslarmesderos.com\/en\/wp-json\/wp\/v2\/product_cat?post=4580"},{"taxonomy":"product_tag","embeddable":true,"href":"https:\/\/www.leslarmesderos.com\/en\/wp-json\/wp\/v2\/product_tag?post=4580"}],"curies":[{"name":"wp","href":"https:\/\/api.w.org\/{rel}","templated":true}]}}