{"id":4592,"date":"2022-12-31T18:19:28","date_gmt":"2022-12-31T17:19:28","guid":{"rendered":"https:\/\/www.leslarmesderos.com\/produit\/labb-de-choisy-aventures-de-labb-de-choisy-habill-en-femme\/"},"modified":"2022-12-31T18:23:13","modified_gmt":"2022-12-31T17:23:13","slug":"labb-de-choisy-aventures-de-labb-de-choisy-habill-en-femme","status":"publish","type":"product","link":"https:\/\/www.leslarmesderos.com\/en\/produit\/labb-de-choisy-aventures-de-labb-de-choisy-habill-en-femme\/","title":{"rendered":"[L&#8217;Abb\u00e9 de CHOISY]. Aventures de l&#8217;abb\u00e9 de Choisy habill\u00e9 en femme."},"content":{"rendered":"<p>Nouvelle ?dition compl?te, avec un avant-propos par M. P. L. [Paul Lacroix]. [A. Poulet-Malassis, 1870] Paris, chez tous les libraires. In-12, 2 ff.n.ch., xix, 177 pages, 1 f.n.ch., demi-veau, dos ? nerfs orn?, pi?ce de titre en maroquin rouge, t?te dor?e, tranches naturelles (reliure de l??poque). Tirage limit? ? 361 ex. Extrait d?un recueil manuscrit d??uvres de l?abb? de Choisy, conserv? ? l?Arsenal. Jules Gay ne pr?cise pas si cette ?dition imprim? par Briard a ?t? ?dit?e par Poulet-Malassis. En 1862, Jules Gay avait ?dit? ce texte ouvertement. Il s?en suivit une condamnation en correctionnelle l?ann?e suivante. Bibliographie : Gay 1-348, Launay 345, Lem 1-315. [PM9]\n","protected":false},"excerpt":{"rendered":"<p>Nouvelle ?dition compl?te, avec un avant-propos par M. P. L. [Paul Lacroix]. [A. Poulet-Malassis, 1870] Paris, chez tous les libraires. In-12, 2 ff.n.ch., xix, 177 pages, 1 f.n.ch., demi-veau, dos ? nerfs orn?, pi?ce de titre en maroquin rouge, t?te dor?e, tranches naturelles (reliure de l??poque). Tirage limit? ? 361 ex. Extrait d?un recueil manuscrit [&#8230;]\n","protected":false},"featured_media":4590,"template":"","meta":[],"product_cat":[207,71],"product_tag":[],"class_list":{"0":"post-4592","1":"product","2":"type-product","3":"status-publish","4":"has-post-thumbnail","6":"product_cat-poulet-malassis","7":"product_cat-livres","9":"first","10":"instock","11":"shipping-taxable","12":"purchasable","13":"product-type-simple"},"_links":{"self":[{"href":"https:\/\/www.leslarmesderos.com\/en\/wp-json\/wp\/v2\/product\/4592","targetHints":{"allow":["GET"]}}],"collection":[{"href":"https:\/\/www.leslarmesderos.com\/en\/wp-json\/wp\/v2\/product"}],"about":[{"href":"https:\/\/www.leslarmesderos.com\/en\/wp-json\/wp\/v2\/types\/product"}],"wp:featuredmedia":[{"embeddable":true,"href":"https:\/\/www.leslarmesderos.com\/en\/wp-json\/wp\/v2\/media\/4590"}],"wp:attachment":[{"href":"https:\/\/www.leslarmesderos.com\/en\/wp-json\/wp\/v2\/media?parent=4592"}],"wp:term":[{"taxonomy":"product_cat","embeddable":true,"href":"https:\/\/www.leslarmesderos.com\/en\/wp-json\/wp\/v2\/product_cat?post=4592"},{"taxonomy":"product_tag","embeddable":true,"href":"https:\/\/www.leslarmesderos.com\/en\/wp-json\/wp\/v2\/product_tag?post=4592"}],"curies":[{"name":"wp","href":"https:\/\/api.w.org\/{rel}","templated":true}]}}