{"id":4708,"date":"2023-01-01T11:46:29","date_gmt":"2023-01-01T10:46:29","guid":{"rendered":"https:\/\/www.leslarmesderos.com\/produit\/thophile-de-viau-berthelot-colletet-flicien-rops-le-parnasse-satyrique-du-sieur-thophile\/"},"modified":"2023-01-01T19:44:00","modified_gmt":"2023-01-01T18:44:00","slug":"thophile-de-viau-berthelot-colletet-flicien-rops-le-parnasse-satyrique-du-sieur-thophile","status":"publish","type":"product","link":"https:\/\/www.leslarmesderos.com\/en\/produit\/thophile-de-viau-berthelot-colletet-flicien-rops-le-parnasse-satyrique-du-sieur-thophile\/","title":{"rendered":"[Th\u00e9ophile de VIAU, BERTHELOT, COLLETET &#8211; F\u00e9licien ROPS]. Le Parnasse satyrique du Sieur Th\u00e9ophile suivi du Nouveau Parnasse satyrique,"},"content":{"rendered":"<p>\u00e9dition revue sur toutes les \u00e9ditions du xviie si\u00e8cle, corrig\u00e9e et annot\u00e9e. Tome premier [\u2014 second]. L\u2019an MCCCLXIV [sic] [A. Poulet-Malassis, Bruxelles, 1864]. 2 volumes in-8 telli\u00e8re, 2 ff.n.ch., iv, 230 pages et 2 ff.n.ch., 245 pp, 1 f.n.ch. de catalogue, demi-chagrin rouge, dos \u00e0 nerfs, t\u00eate dor\u00e9e, tranches naturelles (reliure ancienne). Illustr\u00e9 d\u2019un frontispice original de F\u00e9licien Rops. L\u2019imprimeur a oubli\u00e9 un D dans la date qui devient donc 1364. Page de titre orn\u00e9 du satyre \u00e0 la feuille. Condamn\u00e9 en 1868. Bibliographie : Pia 1093, Launay 289, Enfer 549-550, Gay 5-441, Nordmann 1-305, Dutel A-852.<\/p>\n","protected":false},"excerpt":{"rendered":"<p>\u00e9dition revue sur toutes les \u00e9ditions du xviie si\u00e8cle, corrig\u00e9e et annot\u00e9e. Tome premier [\u2014 second]. L\u2019an MCCCLXIV [sic] [A. Poulet-Malassis, Bruxelles, 1864]. 2 volumes in-8 telli\u00e8re, 2 ff.n.ch., iv, 230 pages et 2 ff.n.ch., 245 pp, 1 f.n.ch. de catalogue, demi-chagrin rouge, dos \u00e0 nerfs, t\u00eate dor\u00e9e, tranches naturelles (reliure ancienne). Illustr\u00e9 d\u2019un frontispice [&#8230;]\n","protected":false},"featured_media":4706,"template":"","meta":[],"product_cat":[207],"product_tag":[],"class_list":{"0":"post-4708","1":"product","2":"type-product","3":"status-publish","4":"has-post-thumbnail","6":"product_cat-poulet-malassis","8":"first","9":"instock","10":"shipping-taxable","11":"purchasable","12":"product-type-simple"},"_links":{"self":[{"href":"https:\/\/www.leslarmesderos.com\/en\/wp-json\/wp\/v2\/product\/4708","targetHints":{"allow":["GET"]}}],"collection":[{"href":"https:\/\/www.leslarmesderos.com\/en\/wp-json\/wp\/v2\/product"}],"about":[{"href":"https:\/\/www.leslarmesderos.com\/en\/wp-json\/wp\/v2\/types\/product"}],"wp:featuredmedia":[{"embeddable":true,"href":"https:\/\/www.leslarmesderos.com\/en\/wp-json\/wp\/v2\/media\/4706"}],"wp:attachment":[{"href":"https:\/\/www.leslarmesderos.com\/en\/wp-json\/wp\/v2\/media?parent=4708"}],"wp:term":[{"taxonomy":"product_cat","embeddable":true,"href":"https:\/\/www.leslarmesderos.com\/en\/wp-json\/wp\/v2\/product_cat?post=4708"},{"taxonomy":"product_tag","embeddable":true,"href":"https:\/\/www.leslarmesderos.com\/en\/wp-json\/wp\/v2\/product_tag?post=4708"}],"curies":[{"name":"wp","href":"https:\/\/api.w.org\/{rel}","templated":true}]}}