{"id":4711,"date":"2023-01-01T11:46:30","date_gmt":"2023-01-01T10:46:30","guid":{"rendered":"https:\/\/www.leslarmesderos.com\/produit\/jacques-charles-gervaise-de-latouche-le-portier-des-chartreux-ou-mmoires-de-saturnin\/"},"modified":"2023-01-01T19:40:33","modified_gmt":"2023-01-01T18:40:33","slug":"jacques-charles-gervaise-de-latouche-le-portier-des-chartreux-ou-mmoires-de-saturnin","status":"publish","type":"product","link":"https:\/\/www.leslarmesderos.com\/en\/produit\/jacques-charles-gervaise-de-latouche-le-portier-des-chartreux-ou-mmoires-de-saturnin\/","title":{"rendered":"[Jacques-Charles GERVAISE de LATOUCHE]. Le Portier des Chartreux ou M\u00e9moires de Saturnin,"},"content":{"rendered":"<p>\u00e9crits par lui-m\u00eame, \u00e9dition orn\u00e9e de figures. Amsterdam, 1867 [A. Poulet-Malassis, Bruxelles]. Deux volumes in-18, 2 ff.n.ch, 175 pages et 2 ff.n.ch., 181 pages, demi-chagrin vert \u00e0 coins, dos \u00e0 nerfs orn\u00e9, filets dor\u00e9s sur les mors, t\u00eate dor\u00e9e, tranches naturelles (reliure ancienne). Illustr\u00e9 de 16 figures dont une en frontispice. Pas cit\u00e9 par Launay. Bibliographie : PC 803 pour le tome 2 seul, Lemonnyer 2-496, Gay 4-34, Eros Invaincu 30, Nordmann 1-157, Dutel A-534.<\/p>\n","protected":false},"excerpt":{"rendered":"<p>\u00e9crits par lui-m\u00eame, \u00e9dition orn\u00e9e de figures. Amsterdam, 1867 [A. Poulet-Malassis, Bruxelles]. Deux volumes in-18, 2 ff.n.ch, 175 pages et 2 ff.n.ch., 181 pages, demi-chagrin vert \u00e0 coins, dos \u00e0 nerfs orn\u00e9, filets dor\u00e9s sur les mors, t\u00eate dor\u00e9e, tranches naturelles (reliure ancienne). Illustr\u00e9 de 16 figures dont une en frontispice. Pas cit\u00e9 par Launay. [&#8230;]\n","protected":false},"featured_media":4709,"template":"","meta":[],"product_cat":[207],"product_tag":[],"class_list":{"0":"post-4711","1":"product","2":"type-product","3":"status-publish","4":"has-post-thumbnail","6":"product_cat-poulet-malassis","8":"first","9":"instock","10":"shipping-taxable","11":"purchasable","12":"product-type-simple"},"_links":{"self":[{"href":"https:\/\/www.leslarmesderos.com\/en\/wp-json\/wp\/v2\/product\/4711","targetHints":{"allow":["GET"]}}],"collection":[{"href":"https:\/\/www.leslarmesderos.com\/en\/wp-json\/wp\/v2\/product"}],"about":[{"href":"https:\/\/www.leslarmesderos.com\/en\/wp-json\/wp\/v2\/types\/product"}],"wp:featuredmedia":[{"embeddable":true,"href":"https:\/\/www.leslarmesderos.com\/en\/wp-json\/wp\/v2\/media\/4709"}],"wp:attachment":[{"href":"https:\/\/www.leslarmesderos.com\/en\/wp-json\/wp\/v2\/media?parent=4711"}],"wp:term":[{"taxonomy":"product_cat","embeddable":true,"href":"https:\/\/www.leslarmesderos.com\/en\/wp-json\/wp\/v2\/product_cat?post=4711"},{"taxonomy":"product_tag","embeddable":true,"href":"https:\/\/www.leslarmesderos.com\/en\/wp-json\/wp\/v2\/product_tag?post=4711"}],"curies":[{"name":"wp","href":"https:\/\/api.w.org\/{rel}","templated":true}]}}